{"id":6281,"date":"2021-07-05T18:12:15","date_gmt":"2021-07-05T16:12:15","guid":{"rendered":"https:\/\/www.jurajtabak.com\/?page_id=6281"},"modified":"2021-07-11T14:16:58","modified_gmt":"2021-07-11T12:16:58","slug":"moj-pribeh","status":"publish","type":"page","link":"https:\/\/www.jurajtabak.com\/sk\/moj-pribeh\/","title":{"rendered":"M\u00f4j pr\u00edbeh"},"content":{"rendered":"\t\t<div data-elementor-type=\"wp-post\" data-elementor-id=\"6281\" class=\"elementor elementor-6281 elementor-1767\" data-elementor-settings=\"[]\">\n\t\t\t\t\t\t<div class=\"elementor-inner\">\n\t\t\t\t\t\t\t<div class=\"elementor-section-wrap\">\n\t\t\t\t\t\t\t<section class=\"elementor-section elementor-top-section elementor-element elementor-element-23f45a6 elementor-section-boxed elementor-section-height-default elementor-section-height-default\" data-id=\"23f45a6\" data-element_type=\"section\">\n\t\t\t\t\t\t<div class=\"elementor-container elementor-column-gap-default\">\n\t\t\t\t\t\t\t<div class=\"elementor-row\">\n\t\t\t\t\t<div class=\"elementor-column elementor-col-100 elementor-top-column elementor-element elementor-element-333b9fe\" data-id=\"333b9fe\" data-element_type=\"column\">\n\t\t\t<div class=\"elementor-column-wrap elementor-element-populated\">\n\t\t\t\t\t\t\t<div class=\"elementor-widget-wrap\">\n\t\t\t\t\t\t<div class=\"elementor-element elementor-element-6e68456 elementor-invisible elementor-widget elementor-widget-heading\" data-id=\"6e68456\" data-element_type=\"widget\" data-settings=\"{&quot;_animation&quot;:&quot;fadeInUp&quot;,&quot;_animation_delay&quot;:300}\" data-widget_type=\"heading.default\">\n\t\t\t\t<div class=\"elementor-widget-container\">\n\t\t\t<h1 class=\"elementor-heading-title elementor-size-default\">Juraj Tabak<\/h1>\t\t<\/div>\n\t\t\t\t<\/div>\n\t\t\t\t<div class=\"elementor-element elementor-element-8f62c50 elementor-invisible elementor-widget elementor-widget-heading\" data-id=\"8f62c50\" data-element_type=\"widget\" data-settings=\"{&quot;_animation&quot;:&quot;fadeInUp&quot;,&quot;_animation_delay&quot;:600}\" data-widget_type=\"heading.default\">\n\t\t\t\t<div class=\"elementor-widget-container\">\n\t\t\t<div class=\"elementor-heading-title elementor-size-default\">Majster sveta v karate<\/div>\t\t<\/div>\n\t\t\t\t<\/div>\n\t\t\t\t<div class=\"elementor-element elementor-element-0332ddc elementor-widget-divider--view-line elementor-invisible elementor-widget elementor-widget-divider\" data-id=\"0332ddc\" data-element_type=\"widget\" data-settings=\"{&quot;_animation&quot;:&quot;fadeInUp&quot;,&quot;_animation_delay&quot;:900}\" data-widget_type=\"divider.default\">\n\t\t\t\t<div class=\"elementor-widget-container\">\n\t\t\t\t\t<div class=\"elementor-divider\">\n\t\t\t<span class=\"elementor-divider-separator\">\n\t\t\t\t\t\t<\/span>\n\t\t<\/div>\n\t\t\t\t<\/div>\n\t\t\t\t<\/div>\n\t\t\t\t\t\t<\/div>\n\t\t\t\t\t<\/div>\n\t\t<\/div>\n\t\t\t\t\t\t\t\t<\/div>\n\t\t\t\t\t<\/div>\n\t\t<\/section>\n\t\t\t\t<section class=\"elementor-section elementor-top-section elementor-element elementor-element-2e8e169 elementor-section-stretched elementor-section-full_width elementor-section-height-default elementor-section-height-default\" data-id=\"2e8e169\" data-element_type=\"section\" data-settings=\"{&quot;stretch_section&quot;:&quot;section-stretched&quot;}\">\n\t\t\t\t\t\t<div class=\"elementor-container elementor-column-gap-default\">\n\t\t\t\t\t\t\t<div class=\"elementor-row\">\n\t\t\t\t\t<div class=\"elementor-column elementor-col-100 elementor-top-column elementor-element elementor-element-ffd205d\" data-id=\"ffd205d\" data-element_type=\"column\">\n\t\t\t<div class=\"elementor-column-wrap elementor-element-populated\">\n\t\t\t\t\t\t\t<div class=\"elementor-widget-wrap\">\n\t\t\t\t\t\t<div class=\"elementor-element elementor-element-10d2763 animated-slow elementor-widget elementor-widget-image\" data-id=\"10d2763\" data-element_type=\"widget\" data-settings=\"{&quot;_animation&quot;:&quot;none&quot;,&quot;_animation_delay&quot;:1200}\" data-widget_type=\"image.default\">\n\t\t\t\t<div class=\"elementor-widget-container\">\n\t\t\t\t\t\t\t\t<div class=\"elementor-image\">\n\t\t\t\t\t\t\t\t\t\t\t\t<img src=\"https:\/\/www.jurajtabak.com\/wp-content\/uploads\/elementor\/thumbs\/JURAJ_TABAK_child2_small-scaled-p9f69v7t8ak1u7rjczwdl7pn68rzyd6v565bxm5zy8.jpg\" title=\"JURAJ_TABAK_child2_small\" alt=\"JURAJ_TABAK_child2_small\" class=\"elementor-animation-grow\" \/>\t\t\t\t\t\t\t\t\t\t\t\t\t\t<\/div>\n\t\t\t\t\t\t<\/div>\n\t\t\t\t<\/div>\n\t\t\t\t\t\t<\/div>\n\t\t\t\t\t<\/div>\n\t\t<\/div>\n\t\t\t\t\t\t\t\t<\/div>\n\t\t\t\t\t<\/div>\n\t\t<\/section>\n\t\t\t\t<section class=\"elementor-section elementor-top-section elementor-element elementor-element-63196a1 elementor-section-boxed elementor-section-height-default elementor-section-height-default\" data-id=\"63196a1\" data-element_type=\"section\">\n\t\t\t\t\t\t<div class=\"elementor-container elementor-column-gap-default\">\n\t\t\t\t\t\t\t<div class=\"elementor-row\">\n\t\t\t\t\t<div class=\"elementor-column elementor-col-100 elementor-top-column elementor-element elementor-element-b78089d\" data-id=\"b78089d\" data-element_type=\"column\">\n\t\t\t<div class=\"elementor-column-wrap elementor-element-populated\">\n\t\t\t\t\t\t\t<div class=\"elementor-widget-wrap\">\n\t\t\t\t\t\t<div class=\"elementor-element elementor-element-903c149 elementor-invisible elementor-widget elementor-widget-heading\" data-id=\"903c149\" data-element_type=\"widget\" data-settings=\"{&quot;_animation&quot;:&quot;fadeInUp&quot;}\" data-widget_type=\"heading.default\">\n\t\t\t\t<div class=\"elementor-widget-container\">\n\t\t\t<h3 class=\"elementor-heading-title elementor-size-default\">M\u00f4j pr\u00edbeh<\/h3>\t\t<\/div>\n\t\t\t\t<\/div>\n\t\t\t\t<section class=\"elementor-section elementor-inner-section elementor-element elementor-element-9cfd66f elementor-section-boxed elementor-section-height-default elementor-section-height-default\" data-id=\"9cfd66f\" data-element_type=\"section\">\n\t\t\t\t\t\t<div class=\"elementor-container elementor-column-gap-wide\">\n\t\t\t\t\t\t\t<div class=\"elementor-row\">\n\t\t\t\t\t<div class=\"elementor-column elementor-col-100 elementor-inner-column elementor-element elementor-element-911cbfa\" data-id=\"911cbfa\" data-element_type=\"column\">\n\t\t\t<div class=\"elementor-column-wrap elementor-element-populated\">\n\t\t\t\t\t\t\t<div class=\"elementor-widget-wrap\">\n\t\t\t\t\t\t<div class=\"elementor-element elementor-element-020a2d4 elementor-drop-cap-yes elementor-drop-cap-view-framed elementor-invisible elementor-widget elementor-widget-text-editor\" data-id=\"020a2d4\" data-element_type=\"widget\" data-settings=\"{&quot;drop_cap&quot;:&quot;yes&quot;,&quot;_animation&quot;:&quot;fadeInUp&quot;}\" data-widget_type=\"text-editor.default\">\n\t\t\t\t<div class=\"elementor-widget-container\">\n\t\t\t\t\t\t\t\t<div class=\"elementor-text-editor elementor-clearfix\">\n\t\t\t\t\t<p>Narodil som sa v\u00a0roku 1988. Poch\u00e1dzam zo Slovenska. Ako mal\u00fd som bol bled\u00fd utiahnut\u00fd chlapec, preto\u017ee rodi\u010dia sa ve\u013emi h\u00e1dali. Ke\u010f som bol \u017eiak na z\u00e1kladnej \u0161kole, star\u0161\u00ed \u017eiaci ma \u0161ikanovali. Okrem in\u00e9ho som mal nadv\u00e1hu a\u00a0tak som bol pre nich jasn\u00fd cie\u013e. Ke\u010f som mal desa\u0165 rokov, jeden star\u0161\u00ed \u017eiak mi rozbil o\u00a0hlavu kus hrub\u00e9ho \u013eadu a\u00a0sp\u00f4sobil mi \u013eah\u0161\u00ed otras mozgu. Rodi\u010dia to vyrie\u0161ili najlep\u0161ie ako mohli, prihl\u00e1sili ma na karate. Na prvej lekcii som sa ve\u013emi hanbil a\u00a0keby nebolo otca, ktor\u00fd ma dotiahol za ruku cez cel\u00fa telocvi\u010d\u0148u a\u017e k\u00a0za\u010diato\u010dn\u00edkom, tak by som odtia\u013e u\u0161iel. Mal som neskuto\u010dn\u00fd antitalent. Prv\u00fd sez\u00f3nu s\u00fa\u0165a\u017eenia, asi po roku od m\u00f4jho za\u010diatku som prehral v\u00a0prvom kole v\u0161etky s\u00fa\u0165a\u017ee, \u010do som mohol. Ale v\u017edy som tvrdo tr\u00e9noval nielen na tr\u00e9ningu ale aj doma. Po dvoch rokoch \u010do som ma otec doviedol na \u00favodn\u00fd tr\u00e9ning som za\u010dal vyhr\u00e1va\u0165 s\u00fa\u0165a\u017ee. Ako som spom\u00ednal, nikdy som nemal talent, bol to v\u00fdsledok mojej tvrdej pr\u00e1ce. Postupne som sa stal 13 kr\u00e1t majstrom Slovenska. Pridal som aj v\u00ed\u0165azstv\u00e1 na medzin\u00e1rodn\u00fdch s\u00fa\u0165a\u017eiach. Moje prv\u00e9 majstrovstv\u00e1 sveta som za\u017eil ke\u010f som mal 15 rokov a konali sa na Cypre. I\u0161iel som tam ako ve\u013ek\u00fd favorit slovenskej reprezent\u00e1cie. V\u00a0prvom kole som v\u0161ak narazil na finalistu z\u00a0Ir\u00e1nu. Na moje ve\u013ek\u00e9 sklamanie som prehral a\u00a0nasleduj\u00face dni som prepadol depresi\u00ed, v\u00a0ktorej mi nepomohlo ani n\u00e1dherne priezra\u010dn\u00e9 more. Ke\u010f som v\u0161ak pri\u0161iel domov, otriasol som sa z\u00a0prehry a\u00a0namotivoval som sa k\u00a0tomu aby som raz bol majstrom sveta v\u00a0karate. Postupne nasledovalo po tvrdom tr\u00e9novan\u00ed a\u00a0\u00fa\u010dasti na tr\u00e9ningov\u00fdch campoch piate miesto na majstrovstv\u00e1ch Eur\u00f3py, nesk\u00f4r \u0161tvrt\u00e9 miesto na ME a\u00a0piate miesto na majstrovstv\u00e1ch sveta. Ke\u010f som mal 22 rokov, po 12 rokoch dvojf\u00e1zov\u00e9ho tr\u00e9novania som sa stal prv\u00fdkr\u00e1t majstrom sveta v\u00a0karate. Vo fin\u00e1le som sa stretol s\u00a0dom\u00e1cim Talianom, ktor\u00fd bol aktu\u00e1lnym majstrom sveta a\u00a0po nervy dr\u00e1saj\u00facom fin\u00e1le, v\u00a0ktorom som dokonca p\u00e1r sek\u00fand pred koncom prehr\u00e1val, som zv\u00ed\u0165azil. \u010eal\u0161ie tri roky som z\u00e1pasil na medzin\u00e1rodnej p\u00f4de a\u00a0z\u00edskal e\u0161te dvakr\u00e1t titul majstra sveta. V\u00a0poslednej sez\u00f3ne som skon\u010dil tret\u00ed a\u00a0ukon\u010dil som profesion\u00e1lnu kari\u00e9ru. Ke\u010f som mal 18 rokov robil som detsk\u00e9 t\u00e1bory nazvan\u00e9 Tabino. U\u017e tam som tr\u00e9noval deti karate. V\u00a0\u010fal\u0161\u00edch rokoch som \u0161tudoval na vysokej \u0161kole Masarykova Univerzita v\u00a0Brne, odbor V\u00fd\u017eiva a\u00a0regener\u00e1cia v\u00a0\u0161porte. \u0160t\u00fadium mi i\u0161lo ve\u013emi dobre. Bavilo ma nako\u013eko som sa u\u017e v\u00a0tej dobe \u017eivil poradenstvom vo v\u00fd\u017eive a\u00a0tr\u00e9nerstvom. Nakoniec som skon\u010dil v\u00a0piatom semestri zo \u0161iestich. Doteraz ma to mrz\u00ed a\u00a0uva\u017eujem, \u017ee si vysok\u00fa \u0161kolu dorob\u00edm. \u010ealej som pokra\u010doval vo svojej kari\u00e9re poradcu vo v\u00fd\u017eive a tr\u00e9nera \u010do rob\u00edm u\u017e 15 rokov a\u00a0vychoval som viacer\u00fdch majstrov Slovenska. Po nieko\u013ek\u00fdch rokoch som e\u0161te pridal druh\u00e9 miesto z\u00a0majstrovstiev Slovenska a\u00a0pokra\u010doval v\u00a0tr\u00e9novan\u00ed karate, ku ktor\u00e9mu som pridal tr\u00e9ningy kickboxu. Koncom roku 2020 som sa chcel z\u00fa\u010dastni\u0165 a\u00a0zv\u00ed\u0165azi\u0165 na s\u00fa\u0165a\u017ei v kickboxe, ale napriek tvrd\u00e9mu tr\u00e9ningu i\u0161la moja kond\u00edcia smerom dole. Nakoniec mi bolo zisten\u00e9, \u017ee m\u00e1m obojstrann\u00fd p\u013e\u00facny infarkt \u2013 emb\u00f3liu. Len o\u00a0k\u00fasok som unikol najhor\u0161iemu \u010do mi prinieslo nov\u00fa motiv\u00e1ciu do \u017eivota a\u00a0my\u0161lienku, \u017ee v\u0161etko \u010do rob\u00edme a\u00a0\u010do milujeme by sme mali robi\u0165 naplno, lebo nikto nevie ko\u013eko na tomto svete bude. Dva mesiace po emb\u00f3li\u00ed som na po\u010dudovanie lek\u00e1rov tr\u00e9noval kickbox, no svoju kond\u00edciu som musel budova\u0165 nanovo.\u00a0 Moment\u00e1lne po pol roku od emb\u00f3lie m\u00e1m kond\u00edciu na \u00farovni s\u00fa\u0165a\u017eiacich karatistov a naplno venujem tvoreniu jed\u00e1lni\u010dkov a\u00a0tr\u00e9ningov\u00fdch pl\u00e1nov na mieru. Na z\u00e1ver len dod\u00e1m, \u017ee m\u00e1m v\u00a0pl\u00e1ne sa do konca roka z\u00fa\u010dastni\u0165 na s\u00fa\u0165a\u017ei v\u00a0kickboxe a\u00a0tak prida\u0165 \u010fal\u0161iu medailu k\u00a0mojim 111tim medailov\u00fdch umiestneniach.<\/p>\t\t\t\t\t<\/div>\n\t\t\t\t\t\t<\/div>\n\t\t\t\t<\/div>\n\t\t\t\t\t\t<\/div>\n\t\t\t\t\t<\/div>\n\t\t<\/div>\n\t\t\t\t\t\t\t\t<\/div>\n\t\t\t\t\t<\/div>\n\t\t<\/section>\n\t\t\t\t\t\t<\/div>\n\t\t\t\t\t<\/div>\n\t\t<\/div>\n\t\t\t\t\t\t\t\t<\/div>\n\t\t\t\t\t<\/div>\n\t\t<\/section>\n\t\t\t\t<section class=\"elementor-section elementor-top-section elementor-element elementor-element-9c17c8c elementor-section-full_width elementor-section-height-default elementor-section-height-default\" data-id=\"9c17c8c\" data-element_type=\"section\">\n\t\t\t\t\t\t<div class=\"elementor-container elementor-column-gap-default\">\n\t\t\t\t\t\t\t<div class=\"elementor-row\">\n\t\t\t\t\t<div class=\"elementor-column elementor-col-100 elementor-top-column elementor-element elementor-element-668adb7\" data-id=\"668adb7\" data-element_type=\"column\">\n\t\t\t<div class=\"elementor-column-wrap elementor-element-populated\">\n\t\t\t\t\t\t\t<div class=\"elementor-widget-wrap\">\n\t\t\t\t\t\t<div class=\"elementor-element elementor-element-2a9c792 elementor-widget elementor-widget-image\" data-id=\"2a9c792\" data-element_type=\"widget\" data-widget_type=\"image.default\">\n\t\t\t\t<div class=\"elementor-widget-container\">\n\t\t\t\t\t\t\t\t<div class=\"elementor-image\">\n\t\t\t\t\t\t\t\t\t\t\t\t<img width=\"1024\" height=\"351\" src=\"https:\/\/www.jurajtabak.com\/wp-content\/uploads\/2021\/06\/MY-STORY_foto_jurajtabak_com-1024x351.jpg\" class=\"attachment-large size-large\" alt=\"\" loading=\"lazy\" srcset=\"https:\/\/www.jurajtabak.com\/wp-content\/uploads\/2021\/06\/MY-STORY_foto_jurajtabak_com-1024x351.jpg 1024w, https:\/\/www.jurajtabak.com\/wp-content\/uploads\/2021\/06\/MY-STORY_foto_jurajtabak_com-600x206.jpg 600w, https:\/\/www.jurajtabak.com\/wp-content\/uploads\/2021\/06\/MY-STORY_foto_jurajtabak_com-559x191.jpg 559w, https:\/\/www.jurajtabak.com\/wp-content\/uploads\/2021\/06\/MY-STORY_foto_jurajtabak_com-768x263.jpg 768w, https:\/\/www.jurajtabak.com\/wp-content\/uploads\/2021\/06\/MY-STORY_foto_jurajtabak_com-1536x526.jpg 1536w, https:\/\/www.jurajtabak.com\/wp-content\/uploads\/2021\/06\/MY-STORY_foto_jurajtabak_com.jpg 1600w\" sizes=\"(max-width: 1024px) 100vw, 1024px\" \/>\t\t\t\t\t\t\t\t\t\t\t\t\t\t<\/div>\n\t\t\t\t\t\t<\/div>\n\t\t\t\t<\/div>\n\t\t\t\t\t\t<\/div>\n\t\t\t\t\t<\/div>\n\t\t<\/div>\n\t\t\t\t\t\t\t\t<\/div>\n\t\t\t\t\t<\/div>\n\t\t<\/section>\n\t\t\t\t<section class=\"elementor-section elementor-top-section elementor-element elementor-element-ba7a213 elementor-section-boxed elementor-section-height-default elementor-section-height-default\" data-id=\"ba7a213\" data-element_type=\"section\">\n\t\t\t\t\t\t<div class=\"elementor-container elementor-column-gap-default\">\n\t\t\t\t\t\t\t<div class=\"elementor-row\">\n\t\t\t\t\t<div class=\"elementor-column elementor-col-100 elementor-top-column elementor-element elementor-element-2d47762\" data-id=\"2d47762\" data-element_type=\"column\">\n\t\t\t<div class=\"elementor-column-wrap elementor-element-populated\">\n\t\t\t\t\t\t\t<div class=\"elementor-widget-wrap\">\n\t\t\t\t\t\t<div class=\"elementor-element elementor-element-d967ca3 elementor-widget-divider--view-line elementor-invisible elementor-widget elementor-widget-divider\" data-id=\"d967ca3\" data-element_type=\"widget\" data-settings=\"{&quot;_animation&quot;:&quot;fadeInUp&quot;}\" data-widget_type=\"divider.default\">\n\t\t\t\t<div class=\"elementor-widget-container\">\n\t\t\t\t\t<div class=\"elementor-divider\">\n\t\t\t<span class=\"elementor-divider-separator\">\n\t\t\t\t\t\t<\/span>\n\t\t<\/div>\n\t\t\t\t<\/div>\n\t\t\t\t<\/div>\n\t\t\t\t<div class=\"elementor-element elementor-element-211764b elementor-invisible elementor-widget elementor-widget-heading\" data-id=\"211764b\" data-element_type=\"widget\" data-settings=\"{&quot;_animation&quot;:&quot;fadeInUp&quot;}\" data-widget_type=\"heading.default\">\n\t\t\t\t<div class=\"elementor-widget-container\">\n\t\t\t<h3 class=\"elementor-heading-title elementor-size-default\">It never ends<\/h3>\t\t<\/div>\n\t\t\t\t<\/div>\n\t\t\t\t<div class=\"elementor-element elementor-element-f17ac80 elementor-invisible elementor-widget elementor-widget-heading\" data-id=\"f17ac80\" data-element_type=\"widget\" data-settings=\"{&quot;_animation&quot;:&quot;fadeInUp&quot;}\" data-widget_type=\"heading.default\">\n\t\t\t\t<div class=\"elementor-widget-container\">\n\t\t\t<h1 class=\"elementor-heading-title elementor-size-default\">Passion never die. It grows<\/h1>\t\t<\/div>\n\t\t\t\t<\/div>\n\t\t\t\t<div class=\"elementor-element elementor-element-ee07763 elementor-invisible elementor-widget elementor-widget-heading\" data-id=\"ee07763\" data-element_type=\"widget\" data-settings=\"{&quot;_animation&quot;:&quot;fadeInUp&quot;}\" data-widget_type=\"heading.default\">\n\t\t\t\t<div class=\"elementor-widget-container\">\n\t\t\t<h2 class=\"elementor-heading-title elementor-size-default\">Stay Healthy and Strong<\/h2>\t\t<\/div>\n\t\t\t\t<\/div>\n\t\t\t\t<div class=\"elementor-element elementor-element-4afc44c elementor-invisible elementor-widget elementor-widget-image\" data-id=\"4afc44c\" data-element_type=\"widget\" data-settings=\"{&quot;_animation&quot;:&quot;fadeInUp&quot;}\" data-widget_type=\"image.default\">\n\t\t\t\t<div class=\"elementor-widget-container\">\n\t\t\t\t\t\t\t\t<div class=\"elementor-image\">\n\t\t\t\t\t\t\t\t\t\t\t\t<img width=\"146\" height=\"69\" src=\"https:\/\/www.jurajtabak.com\/wp-content\/uploads\/2021\/06\/cropped-tabak_logo_tmave.png\" class=\"attachment-full size-full\" alt=\"\" loading=\"lazy\" \/>\t\t\t\t\t\t\t\t\t\t\t\t\t\t<\/div>\n\t\t\t\t\t\t<\/div>\n\t\t\t\t<\/div>\n\t\t\t\t<div class=\"elementor-element elementor-element-c24e40e elementor-align-center elementor-invisible elementor-widget elementor-widget-button\" data-id=\"c24e40e\" data-element_type=\"widget\" data-settings=\"{&quot;_animation&quot;:&quot;fadeInUp&quot;}\" data-widget_type=\"button.default\">\n\t\t\t\t<div class=\"elementor-widget-container\">\n\t\t\t\t\t<div class=\"elementor-button-wrapper\">\n\t\t\t<a href=\"http:\/\/.\/contact\/\" class=\"elementor-button-link elementor-button elementor-size-xs elementor-animation-bob\" role=\"button\">\n\t\t\t\t\t\t<span class=\"elementor-button-content-wrapper\">\n\t\t\t\t\t\t<span class=\"elementor-button-icon elementor-align-icon-right\">\n\t\t\t\t<i aria-hidden=\"true\" class=\"fas fa-long-arrow-alt-right\"><\/i>\t\t\t<\/span>\n\t\t\t\t\t\t<span class=\"elementor-button-text\">Kontaktujte ma<\/span>\n\t\t<\/span>\n\t\t\t\t\t<\/a>\n\t\t<\/div>\n\t\t\t\t<\/div>\n\t\t\t\t<\/div>\n\t\t\t\t\t\t<\/div>\n\t\t\t\t\t<\/div>\n\t\t<\/div>\n\t\t\t\t\t\t\t\t<\/div>\n\t\t\t\t\t<\/div>\n\t\t<\/section>\n\t\t\t\t\t\t<\/div>\n\t\t\t\t\t\t<\/div>\n\t\t\t\t\t<\/div>\n\t\t","protected":false},"excerpt":{"rendered":"<p>Juraj Tabak Majster sveta v karate M\u00f4j pr\u00edbeh Narodil som sa v\u00a0roku 1988. Poch\u00e1dzam zo Slovenska. Ako mal\u00fd som bol [&hellip;]<\/p>\n","protected":false},"author":1,"featured_media":0,"parent":0,"menu_order":28,"comment_status":"closed","ping_status":"closed","template":"","meta":{"_monsterinsights_skip_tracking":false,"_monsterinsights_sitenote_active":false,"_monsterinsights_sitenote_note":"","_monsterinsights_sitenote_category":0},"yoast_head":"<!-- This site is optimized with the Yoast SEO plugin v16.5 - https:\/\/yoast.com\/wordpress\/plugins\/seo\/ -->\n<title>M\u00f4j pr\u00edbeh - jurajtabak.com<\/title>\n<meta name=\"robots\" content=\"index, follow, max-snippet:-1, max-image-preview:large, max-video-preview:-1\" \/>\n<link rel=\"canonical\" href=\"https:\/\/www.jurajtabak.com\/sk\/moj-pribeh\/\" \/>\n<meta property=\"og:locale\" content=\"sk_SK\" \/>\n<meta property=\"og:type\" content=\"article\" \/>\n<meta property=\"og:title\" content=\"M\u00f4j pr\u00edbeh - jurajtabak.com\" \/>\n<meta property=\"og:description\" content=\"Juraj Tabak Majster sveta v karate M\u00f4j pr\u00edbeh Narodil som sa v\u00a0roku 1988. Poch\u00e1dzam zo Slovenska. Ako mal\u00fd som bol [&hellip;]\" \/>\n<meta property=\"og:url\" content=\"https:\/\/www.jurajtabak.com\/sk\/moj-pribeh\/\" \/>\n<meta property=\"og:site_name\" content=\"jurajtabak.com\" \/>\n<meta property=\"article:modified_time\" content=\"2021-07-11T12:16:58+00:00\" \/>\n<meta property=\"og:image\" content=\"https:\/\/www.jurajtabak.com\/wp-content\/uploads\/elementor\/thumbs\/JURAJ_TABAK_child2_small-scaled-p9f69v7t8ak1u7rjczwdl7pn68rzyd6v565bxm5zy8.jpg\" \/>\n<meta name=\"twitter:card\" content=\"summary_large_image\" \/>\n<meta name=\"twitter:label1\" content=\"Predpokladan\u00fd \u010das \u010d\u00edtania\" \/>\n\t<meta name=\"twitter:data1\" content=\"4 min\u00faty\" \/>\n<script type=\"application\/ld+json\" class=\"yoast-schema-graph\">{\"@context\":\"https:\/\/schema.org\",\"@graph\":[{\"@type\":\"WebSite\",\"@id\":\"https:\/\/www.jurajtabak.com\/#website\",\"url\":\"https:\/\/www.jurajtabak.com\/\",\"name\":\"jurajtabak.com\",\"description\":\"Karate champion\",\"potentialAction\":[{\"@type\":\"SearchAction\",\"target\":\"https:\/\/www.jurajtabak.com\/?s={search_term_string}\",\"query-input\":\"required name=search_term_string\"}],\"inLanguage\":\"sk-SK\"},{\"@type\":\"ImageObject\",\"@id\":\"https:\/\/www.jurajtabak.com\/sk\/moj-pribeh\/#primaryimage\",\"inLanguage\":\"sk-SK\",\"url\":\"https:\/\/www.jurajtabak.com\/wp-content\/uploads\/elementor\/thumbs\/JURAJ_TABAK_child2_small-scaled-p9f69v7t8ak1u7rjczwdl7pn68rzyd6v565bxm5zy8.jpg\",\"contentUrl\":\"https:\/\/www.jurajtabak.com\/wp-content\/uploads\/elementor\/thumbs\/JURAJ_TABAK_child2_small-scaled-p9f69v7t8ak1u7rjczwdl7pn68rzyd6v565bxm5zy8.jpg\"},{\"@type\":\"WebPage\",\"@id\":\"https:\/\/www.jurajtabak.com\/sk\/moj-pribeh\/#webpage\",\"url\":\"https:\/\/www.jurajtabak.com\/sk\/moj-pribeh\/\",\"name\":\"M\\u00f4j pr\\u00edbeh - jurajtabak.com\",\"isPartOf\":{\"@id\":\"https:\/\/www.jurajtabak.com\/#website\"},\"primaryImageOfPage\":{\"@id\":\"https:\/\/www.jurajtabak.com\/sk\/moj-pribeh\/#primaryimage\"},\"datePublished\":\"2021-07-05T16:12:15+00:00\",\"dateModified\":\"2021-07-11T12:16:58+00:00\",\"breadcrumb\":{\"@id\":\"https:\/\/www.jurajtabak.com\/sk\/moj-pribeh\/#breadcrumb\"},\"inLanguage\":\"sk-SK\",\"potentialAction\":[{\"@type\":\"ReadAction\",\"target\":[\"https:\/\/www.jurajtabak.com\/sk\/moj-pribeh\/\"]}]},{\"@type\":\"BreadcrumbList\",\"@id\":\"https:\/\/www.jurajtabak.com\/sk\/moj-pribeh\/#breadcrumb\",\"itemListElement\":[{\"@type\":\"ListItem\",\"position\":1,\"name\":\"Domovsk\\u00e1 str\\u00e1nka\",\"item\":\"https:\/\/www.jurajtabak.com\/sk\/\"},{\"@type\":\"ListItem\",\"position\":2,\"name\":\"M\\u00f4j pr\\u00edbeh\"}]}]}<\/script>\n<!-- \/ Yoast SEO plugin. -->","_links":{"self":[{"href":"https:\/\/www.jurajtabak.com\/sk\/wp-json\/wp\/v2\/pages\/6281"}],"collection":[{"href":"https:\/\/www.jurajtabak.com\/sk\/wp-json\/wp\/v2\/pages"}],"about":[{"href":"https:\/\/www.jurajtabak.com\/sk\/wp-json\/wp\/v2\/types\/page"}],"author":[{"embeddable":true,"href":"https:\/\/www.jurajtabak.com\/sk\/wp-json\/wp\/v2\/users\/1"}],"replies":[{"embeddable":true,"href":"https:\/\/www.jurajtabak.com\/sk\/wp-json\/wp\/v2\/comments?post=6281"}],"version-history":[{"count":6,"href":"https:\/\/www.jurajtabak.com\/sk\/wp-json\/wp\/v2\/pages\/6281\/revisions"}],"predecessor-version":[{"id":6399,"href":"https:\/\/www.jurajtabak.com\/sk\/wp-json\/wp\/v2\/pages\/6281\/revisions\/6399"}],"wp:attachment":[{"href":"https:\/\/www.jurajtabak.com\/sk\/wp-json\/wp\/v2\/media?parent=6281"}],"curies":[{"name":"wp","href":"https:\/\/api.w.org\/{rel}","templated":true}]}}