{"id":6290,"date":"2021-07-05T18:17:05","date_gmt":"2021-07-05T16:17:05","guid":{"rendered":"https:\/\/www.jurajtabak.com\/?page_id=6290"},"modified":"2021-07-11T14:12:12","modified_gmt":"2021-07-11T12:12:12","slug":"uvod","status":"publish","type":"page","link":"https:\/\/www.jurajtabak.com\/sk\/","title":{"rendered":"\u00davod"},"content":{"rendered":"\t\t<div data-elementor-type=\"wp-post\" data-elementor-id=\"6290\" class=\"elementor elementor-6290 elementor-3050\" data-elementor-settings=\"[]\">\n\t\t\t\t\t\t<div class=\"elementor-inner\">\n\t\t\t\t\t\t\t<div class=\"elementor-section-wrap\">\n\t\t\t\t\t\t\t<section class=\"elementor-section elementor-top-section elementor-element elementor-element-f3231c9 elementor-section-full_width elementor-section-height-default elementor-section-height-default\" data-id=\"f3231c9\" data-element_type=\"section\">\n\t\t\t\t\t\t<div class=\"elementor-container elementor-column-gap-default\">\n\t\t\t\t\t\t\t<div class=\"elementor-row\">\n\t\t\t\t\t<div class=\"elementor-column elementor-col-100 elementor-top-column elementor-element elementor-element-43aebb5\" data-id=\"43aebb5\" data-element_type=\"column\">\n\t\t\t<div class=\"elementor-column-wrap elementor-element-populated\">\n\t\t\t\t\t\t\t<div class=\"elementor-widget-wrap\">\n\t\t\t\t\t\t<div class=\"elementor-element elementor-element-61edbe9 elementor-widget elementor-widget-sr-revslider\" data-id=\"61edbe9\" data-element_type=\"widget\" data-widget_type=\"sr-revslider.default\">\n\t\t\t\t<div class=\"elementor-widget-container\">\n\t\t\t\n\t\t\t<!-- START BANNER SK REVOLUTION SLIDER 6.3.9 --><p class=\"rs-p-wp-fix\"><\/p>\n\t\t\t<rs-module-wrap id=\"rev_slider_11_1_wrapper\" data-source=\"gallery\" style=\"background:transparent;padding:0;margin:0px auto;margin-top:0;margin-bottom:0;background-image:url(https:\/\/demo.sonaar.io\/apex\/wp-content\/uploads\/sites\/3\/2017\/11\/78753159.png);background-repeat:repeat;background-size:normal;background-position:center center;\">\n\t\t\t\t<rs-module id=\"rev_slider_11_1\" style=\"\" data-version=\"6.3.9\">\n\t\t\t\t\t<rs-slides>\n\t\t\t\t\t\t<rs-slide data-key=\"rs-11\" data-title=\"Slide\" data-anim=\"ei:d;eo:d;s:d;r:0;t:fade;sl:d;\">\n\t\t\t\t\t\t\t<img src=\"\/\/www.jurajtabak.com\/wp-content\/plugins\/revslider\/public\/assets\/assets\/transparent.png\" alt=\"Slide\" title=\"\u00davod\" data-bg=\"c:#000000;f:normal;r:repeat;\" data-parallax=\"off\" class=\"rev-slidebg\" data-no-retina>\n<!--\n\t\t\t\t\t\t\t--><rs-layer\n\t\t\t\t\t\t\t\tid=\"slider-11-slide-11-layer-2\" \n\t\t\t\t\t\t\t\tclass=\"Phoenix-SubTitle\"\n\t\t\t\t\t\t\t\tdata-type=\"text\"\n\t\t\t\t\t\t\t\tdata-color=\"rgba(255, 255, 255, 1)\"\n\t\t\t\t\t\t\t\tdata-rsp_ch=\"on\"\n\t\t\t\t\t\t\t\tdata-xy=\"x:c;xo:-290px,220px,0,15px;y:m;yo:68px,21px,21px,69px;\"\n\t\t\t\t\t\t\t\tdata-text=\"s:30,24,24,8;l:30,22,22,22;ls:3px;fw:600,600,600,700;a:center;\"\n\t\t\t\t\t\t\t\tdata-dim=\"w:auto,auto,auto,617.96875px;\"\n\t\t\t\t\t\t\t\tdata-frame_0=\"y:-50px;blu:20px;\"\n\t\t\t\t\t\t\t\tdata-frame_1=\"e:power2.inOut;sp:1500;blu:0px;\"\n\t\t\t\t\t\t\t\tdata-frame_999=\"o:0;e:nothing;st:w;sR:7500;\"\n\t\t\t\t\t\t\t\tstyle=\"z-index:14;font-family:Josefin Sans;\"\n\t\t\t\t\t\t\t>MAJSTER SVETA V KARATE <br \/>\nPORADCA VO V\u00dd\u017dIVE, TR\u00c9NER \n\t\t\t\t\t\t\t<\/rs-layer><!--\n\n\t\t\t\t\t\t\t--><a\n\t\t\t\t\t\t\t\tid=\"slider-11-slide-11-layer-4\" \n\t\t\t\t\t\t\t\tclass=\"rs-layer button rev-btn rev-withicon\"\n\t\t\t\t\t\t\t\thref=\"https:\/\/www.jurajtabak.com\/sk\/moj-pribeh\/\" target=\"_self\"\n\t\t\t\t\t\t\t\tdata-type=\"button\"\n\t\t\t\t\t\t\t\tdata-color=\"#ffffff||rgba(255, 255, 255, 1)||rgba(255, 255, 255, 1)||rgba(255, 255, 255, 1)\"\n\t\t\t\t\t\t\t\tdata-xy=\"x:c;xo:-297px,220px,0,8px;y:m;yo:147px,97px,147px,149px;\"\n\t\t\t\t\t\t\t\tdata-text=\"s:14,14,14,14;l:14,14,14,14;ls:3;fw:600;\"\n\t\t\t\t\t\t\t\tdata-rsp_bd=\"off\"\n\t\t\t\t\t\t\t\tdata-padding=\"t:12;r:18;b:12;l:25;\"\n\t\t\t\t\t\t\t\tdata-border=\"bos:solid;boc:#ffffff;bow:2px,2px,2px,2px;bor:30px,30px,30px,30px;\"\n\t\t\t\t\t\t\t\tdata-frame_0=\"y:50px;blu:20px;\"\n\t\t\t\t\t\t\t\tdata-frame_1=\"e:power2.inOut;sp:1500;blu:0px;\"\n\t\t\t\t\t\t\t\tdata-frame_999=\"o:0;e:nothing;st:w;sR:7500;\"\n\t\t\t\t\t\t\t\tdata-frame_hover=\"c:#fff;bgc:transparent;boc:#fff;bor:30px,30px,30px,30px;bos:solid;bow:2px,2px,2px,2px;oX:50;oY:50;sp:0;e:none;\"\n\t\t\t\t\t\t\t\tstyle=\"z-index:13;background-color:#000000;font-family:Josefin Sans;cursor:pointer;\"\n\t\t\t\t\t\t\t>M\u00f4j Pr\u00edbeh <i class=\"fa-angle-right\"><\/i> \n\t\t\t\t\t\t\t<\/a><!--\n\n\t\t\t\t\t\t\t--><rs-layer\n\t\t\t\t\t\t\t\tid=\"slider-11-slide-11-layer-9\" \n\t\t\t\t\t\t\t\tclass=\"rs-pxl-6\"\n\t\t\t\t\t\t\t\tdata-type=\"image\"\n\t\t\t\t\t\t\t\tdata-rsp_ch=\"on\"\n\t\t\t\t\t\t\t\tdata-xy=\"xo:206px,10px,10px,10px;y:b;yo:-238px,-303px,-303px,-303px;\"\n\t\t\t\t\t\t\t\tdata-text=\"l:22;\"\n\t\t\t\t\t\t\t\tdata-dim=\"w:['749px','749px','749px','749px'];h:['678px','678px','678px','678px'];\"\n\t\t\t\t\t\t\t\tdata-basealign=\"slide\"\n\t\t\t\t\t\t\t\tdata-frame_0=\"rZ:324;\"\n\t\t\t\t\t\t\t\tdata-frame_1=\"o:0.2;rZ:324;e:power2.inOut;st:1500;sR:1500;\"\n\t\t\t\t\t\t\t\tdata-frame_999=\"o:0;e:nothing;st:w;sR:7200;\"\n\t\t\t\t\t\t\t\tstyle=\"z-index:11;\"\n\t\t\t\t\t\t\t><img loading=\"lazy\" src=\"\/\/www.jurajtabak.com\/wp-content\/uploads\/revslider\/banner-01\/smoke02.png\" width=\"749\" height=\"678\" data-no-retina> \n\t\t\t\t\t\t\t<\/rs-layer><!--\n\n\t\t\t\t\t\t\t--><rs-layer\n\t\t\t\t\t\t\t\tid=\"slider-11-slide-11-layer-10\" \n\t\t\t\t\t\t\t\tdata-type=\"image\"\n\t\t\t\t\t\t\t\tdata-rsp_ch=\"on\"\n\t\t\t\t\t\t\t\tdata-xy=\"xo:-93px,-68px,-51px,-213px;yo:8px,5px,3px,1px;\"\n\t\t\t\t\t\t\t\tdata-text=\"w:normal;s:20,14,10,6;l:0,18,13,8;\"\n\t\t\t\t\t\t\t\tdata-dim=\"w:1689px,1235px,938px,819px;h:868px,634px,481px,421px;\"\n\t\t\t\t\t\t\t\tdata-frame_1=\"x:-2px,-1px,0px,0px;\"\n\t\t\t\t\t\t\t\tdata-frame_999=\"o:0;st:w;sR:8700;\"\n\t\t\t\t\t\t\t\tstyle=\"z-index:12;\"\n\t\t\t\t\t\t\t><img loading=\"lazy\" src=\"\/\/www.jurajtabak.com\/wp-content\/uploads\/2021\/06\/JURAJ-TABAKuvod-pozadie2_small2.jpg\" width=\"1843\" height=\"947\" data-no-retina> \n\t\t\t\t\t\t\t<\/rs-layer><!--\n-->\t\t\t\t\t\t<\/rs-slide>\n\t\t\t\t\t<\/rs-slides>\n\t\t\t\t<\/rs-module>\n\t\t\t\t<script type=\"text\/javascript\">\n\t\t\t\t\tsetREVStartSize({c: 'rev_slider_11_1',rl:[1240,1024,778,480],el:[868,768,960,420],gw:[1400,1024,778,480],gh:[868,768,960,420],type:'hero',justify:'',layout:'fullwidth',mh:\"900\"});\n\t\t\t\t\tvar\trevapi11,\n\t\t\t\t\t\ttpj;\n\t\t\t\t\tfunction revinit_revslider111() {\n\t\t\t\t\tjQuery(function() {\n\t\t\t\t\t\ttpj = jQuery;\n\t\t\t\t\t\trevapi11 = tpj(\"#rev_slider_11_1\");\n\t\t\t\t\t\tif(revapi11==undefined || revapi11.revolution == undefined){\n\t\t\t\t\t\t\trevslider_showDoubleJqueryError(\"rev_slider_11_1\");\n\t\t\t\t\t\t}else{\n\t\t\t\t\t\t\trevapi11.revolution({\n\t\t\t\t\t\t\t\tsliderType:\"hero\",\n\t\t\t\t\t\t\t\tsliderLayout:\"fullwidth\",\n\t\t\t\t\t\t\t\tvisibilityLevels:\"1240,1024,778,480\",\n\t\t\t\t\t\t\t\tgridwidth:\"1400,1024,778,480\",\n\t\t\t\t\t\t\t\tgridheight:\"868,768,960,420\",\n\t\t\t\t\t\t\t\tminHeight:900,\n\t\t\t\t\t\t\t\tstartDelay:200,\n\t\t\t\t\t\t\t\tperspective:600,\n\t\t\t\t\t\t\t\tperspectiveType:\"local\",\n\t\t\t\t\t\t\t\teditorheight:\"868,768,960,420\",\n\t\t\t\t\t\t\t\tresponsiveLevels:\"1240,1024,778,480\",\n\t\t\t\t\t\t\t\tprogressBar:{disableProgressBar:true},\n\t\t\t\t\t\t\t\tnavigation: {\n\t\t\t\t\t\t\t\t\tonHoverStop:false\n\t\t\t\t\t\t\t\t},\n\t\t\t\t\t\t\t\tparallax: {\n\t\t\t\t\t\t\t\t\tlevels:[1,3,4,5,6,7,12,16,10,50,47,48,49,50,51,55],\n\t\t\t\t\t\t\t\t\ttype:\"mousescroll\",\n\t\t\t\t\t\t\t\t\torigo:\"slidercenter\",\n\t\t\t\t\t\t\t\t\tspeed:1500,\n\t\t\t\t\t\t\t\t\tdisable_onmobile:true\n\t\t\t\t\t\t\t\t},\n\t\t\t\t\t\t\t\tscrolleffect: {\n\t\t\t\t\t\t\t\t\tset:true,\n\t\t\t\t\t\t\t\t\tfade:true,\n\t\t\t\t\t\t\t\t\tmaxblur:30,\n\t\t\t\t\t\t\t\t\tlayers:true,\n\t\t\t\t\t\t\t\t\tmultiplicator:1.3,\n\t\t\t\t\t\t\t\t\tmultiplicator_layers:1.3,\n\t\t\t\t\t\t\t\t\ttilt:10,\n\t\t\t\t\t\t\t\t\tdisable_onmobile:true\n\t\t\t\t\t\t\t\t},\n\t\t\t\t\t\t\t\tfallbacks: {\n\t\t\t\t\t\t\t\t\tallowHTML5AutoPlayOnAndroid:true\n\t\t\t\t\t\t\t\t},\n\t\t\t\t\t\t\t});\n\t\t\t\t\t\t}\n\t\t\t\t\t\t\n\t\t\t\t\t});\n\t\t\t\t\t} \/\/ End of RevInitScript\n\t\t\t\tvar once_revslider111 = false;\n\t\t\t\tif (document.readyState === \"loading\") {document.addEventListener('readystatechange',function() { if((document.readyState === \"interactive\" || document.readyState === \"complete\") && !once_revslider111 ) { once_revslider111 = true; revinit_revslider111();}});} else {once_revslider111 = true; revinit_revslider111();}\n\t\t\t\t<\/script>\n\t\t\t<\/rs-module-wrap>\n\t\t\t<!-- END REVOLUTION SLIDER -->\n\t\t<\/div>\n\t\t\t\t<\/div>\n\t\t\t\t\t\t<\/div>\n\t\t\t\t\t<\/div>\n\t\t<\/div>\n\t\t\t\t\t\t\t\t<\/div>\n\t\t\t\t\t<\/div>\n\t\t<\/section>\n\t\t\t\t<section class=\"elementor-section elementor-top-section elementor-element elementor-element-e62e320 elementor-section-boxed elementor-section-height-default elementor-section-height-default\" data-id=\"e62e320\" data-element_type=\"section\">\n\t\t\t\t\t\t<div class=\"elementor-container elementor-column-gap-default\">\n\t\t\t\t\t\t\t<div class=\"elementor-row\">\n\t\t\t\t\t<div class=\"elementor-column elementor-col-100 elementor-top-column elementor-element elementor-element-2a65c37\" data-id=\"2a65c37\" data-element_type=\"column\">\n\t\t\t<div class=\"elementor-column-wrap elementor-element-populated\">\n\t\t\t\t\t\t\t<div class=\"elementor-widget-wrap\">\n\t\t\t\t\t\t<div class=\"elementor-element elementor-element-f08ab85 elementor-aspect-ratio-169 elementor-widget elementor-widget-video\" data-id=\"f08ab85\" data-element_type=\"widget\" data-settings=\"{&quot;youtube_url&quot;:&quot;https:\\\/\\\/www.youtube.com\\\/watch?v=Fkj64ARIJO4&quot;,&quot;loop&quot;:&quot;yes&quot;,&quot;video_type&quot;:&quot;youtube&quot;,&quot;aspect_ratio&quot;:&quot;169&quot;}\" data-widget_type=\"video.default\">\n\t\t\t\t<div class=\"elementor-widget-container\">\n\t\t\t\t\t<div class=\"elementor-wrapper elementor-fit-aspect-ratio elementor-open-inline\">\n\t\t\t<div class=\"elementor-video\"><\/div>\t\t<\/div>\n\t\t\t\t<\/div>\n\t\t\t\t<\/div>\n\t\t\t\t\t\t<\/div>\n\t\t\t\t\t<\/div>\n\t\t<\/div>\n\t\t\t\t\t\t\t\t<\/div>\n\t\t\t\t\t<\/div>\n\t\t<\/section>\n\t\t\t\t<section class=\"elementor-section elementor-top-section elementor-element elementor-element-b51e701 elementor-section-boxed elementor-section-height-default elementor-section-height-default\" data-id=\"b51e701\" data-element_type=\"section\" data-settings=\"{&quot;background_background&quot;:&quot;classic&quot;,&quot;shape_divider_bottom&quot;:&quot;curve&quot;}\">\n\t\t\t\t\t<div class=\"elementor-shape elementor-shape-bottom\" data-negative=\"false\">\n\t\t\t<svg xmlns=\"http:\/\/www.w3.org\/2000\/svg\" viewBox=\"0 0 1000 100\" preserveAspectRatio=\"none\">\n    <path class=\"elementor-shape-fill\" d=\"M1000,4.3V0H0v4.3C0.9,23.1,126.7,99.2,500,100S1000,22.7,1000,4.3z\"\/>\n<\/svg>\t\t<\/div>\n\t\t\t\t\t<div class=\"elementor-container elementor-column-gap-default\">\n\t\t\t\t\t\t\t<div class=\"elementor-row\">\n\t\t\t\t\t<div class=\"elementor-column elementor-col-100 elementor-top-column elementor-element elementor-element-1d07986\" data-id=\"1d07986\" data-element_type=\"column\">\n\t\t\t<div class=\"elementor-column-wrap elementor-element-populated\">\n\t\t\t\t\t\t\t<div class=\"elementor-widget-wrap\">\n\t\t\t\t\t\t<div class=\"elementor-element elementor-element-4c33db2 elementor-widget elementor-widget-image\" data-id=\"4c33db2\" data-element_type=\"widget\" data-widget_type=\"image.default\">\n\t\t\t\t<div class=\"elementor-widget-container\">\n\t\t\t\t\t\t\t\t<div class=\"elementor-image\">\n\t\t\t\t\t\t\t\t\t\t\t\t<img width=\"94\" height=\"16\" src=\"https:\/\/www.jurajtabak.com\/wp-content\/uploads\/2018\/12\/divider_white.png\" class=\"attachment-large size-large\" alt=\"\" loading=\"lazy\" \/>\t\t\t\t\t\t\t\t\t\t\t\t\t\t<\/div>\n\t\t\t\t\t\t<\/div>\n\t\t\t\t<\/div>\n\t\t\t\t<div class=\"elementor-element elementor-element-c741ef7 elementor-widget elementor-widget-heading\" data-id=\"c741ef7\" data-element_type=\"widget\" data-widget_type=\"heading.default\">\n\t\t\t\t<div class=\"elementor-widget-container\">\n\t\t\t<h2 class=\"elementor-heading-title elementor-size-default\">o mne<\/h2>\t\t<\/div>\n\t\t\t\t<\/div>\n\t\t\t\t<section class=\"elementor-section elementor-inner-section elementor-element elementor-element-7091fdc elementor-section-boxed elementor-section-height-default elementor-section-height-default\" data-id=\"7091fdc\" data-element_type=\"section\">\n\t\t\t\t\t\t<div class=\"elementor-container elementor-column-gap-default\">\n\t\t\t\t\t\t\t<div class=\"elementor-row\">\n\t\t\t\t\t<div class=\"elementor-column elementor-col-100 elementor-inner-column elementor-element elementor-element-ef4740b\" data-id=\"ef4740b\" data-element_type=\"column\">\n\t\t\t<div class=\"elementor-column-wrap elementor-element-populated\">\n\t\t\t\t\t\t\t<div class=\"elementor-widget-wrap\">\n\t\t\t\t\t\t<div class=\"elementor-element elementor-element-0a673f9 elementor-widget elementor-widget-text-editor\" data-id=\"0a673f9\" data-element_type=\"widget\" data-widget_type=\"text-editor.default\">\n\t\t\t\t<div class=\"elementor-widget-container\">\n\t\t\t\t\t\t\t\t<div class=\"elementor-text-editor elementor-clearfix\">\n\t\t\t\t\t<p>Juraj Tabak, poch\u00e1dzam zo Slovenska a m\u00e1m 33 rokov. Som \u010dlovek, ktor\u00fd cel\u00fd svoj \u017eivot zasv\u00e4til svojej v\u00e1\u0161ni pre karate. Som trojn\u00e1sobn\u00fd majster sveta v \u0165a\u017ekej v\u00e1he v kumite (z\u00e1pas v karate). Moj\u00edm cie\u013eom je pom\u00f4c\u0165 \u013eu\u010fom schudn\u00fa\u0165 prostredn\u00edctvom stravovac\u00edch pl\u00e1nov, nabra\u0165 kond\u00edciu a spevni\u0165 svaly pomocou tr\u00e9ningov\u00fdch pl\u00e1nov, vybi\u0165 energiu a nau\u010di\u0165 sa br\u00e1ni\u0165 sa tr\u00e9ningom a odb\u00farava\u0165 stres, nach\u00e1dza\u0165 \u017eivotn\u00fa rovnov\u00e1hu a znovu nabera\u0165 chu\u0165 do \u017eivota pomocou dychov\u00fdch cvi\u010den\u00ed, medit\u00e1cie a autog\u00e9nneho \u0161kolenia. Ak potrebujete pomocn\u00fa ruku v akejko\u013evek funkcii, som tu pre v\u00e1s.<\/p>\t\t\t\t\t<\/div>\n\t\t\t\t\t\t<\/div>\n\t\t\t\t<\/div>\n\t\t\t\t<div class=\"elementor-element elementor-element-5f47cc8 elementor-widget elementor-widget-image\" data-id=\"5f47cc8\" data-element_type=\"widget\" data-widget_type=\"image.default\">\n\t\t\t\t<div class=\"elementor-widget-container\">\n\t\t\t\t\t\t\t\t<div class=\"elementor-image\">\n\t\t\t\t\t\t\t\t\t\t\t\t<img src=\"https:\/\/www.jurajtabak.com\/wp-content\/uploads\/elementor\/thumbs\/LOGO-JUTJTABAK_nove_komprim-p9f34e4sy4fln3z8my0o2y3wn2wjh8efm9skitc1go.png\" title=\"LOGO JUTJTABAK_nove_komprim\" alt=\"LOGO JUTJTABAK_nove_komprim\" \/>\t\t\t\t\t\t\t\t\t\t\t\t\t\t<\/div>\n\t\t\t\t\t\t<\/div>\n\t\t\t\t<\/div>\n\t\t\t\t\t\t<\/div>\n\t\t\t\t\t<\/div>\n\t\t<\/div>\n\t\t\t\t\t\t\t\t<\/div>\n\t\t\t\t\t<\/div>\n\t\t<\/section>\n\t\t\t\t<div class=\"elementor-element elementor-element-cba14a6 elementor-widget elementor-widget-image\" data-id=\"cba14a6\" data-element_type=\"widget\" data-widget_type=\"image.default\">\n\t\t\t\t<div class=\"elementor-widget-container\">\n\t\t\t\t\t\t\t\t<div class=\"elementor-image\">\n\t\t\t\t\t\t\t\t\t\t\t\t<img width=\"1024\" height=\"682\" src=\"https:\/\/www.jurajtabak.com\/wp-content\/uploads\/2021\/06\/Juraj_TABAK_about_me-1024x682.jpg\" class=\"elementor-animation-grow attachment-large size-large\" alt=\"\" loading=\"lazy\" srcset=\"https:\/\/www.jurajtabak.com\/wp-content\/uploads\/2021\/06\/Juraj_TABAK_about_me-1024x682.jpg 1024w, https:\/\/www.jurajtabak.com\/wp-content\/uploads\/2021\/06\/Juraj_TABAK_about_me-600x400.jpg 600w, https:\/\/www.jurajtabak.com\/wp-content\/uploads\/2021\/06\/Juraj_TABAK_about_me-559x373.jpg 559w, https:\/\/www.jurajtabak.com\/wp-content\/uploads\/2021\/06\/Juraj_TABAK_about_me-768x512.jpg 768w, https:\/\/www.jurajtabak.com\/wp-content\/uploads\/2021\/06\/Juraj_TABAK_about_me-1536x1024.jpg 1536w, https:\/\/www.jurajtabak.com\/wp-content\/uploads\/2021\/06\/Juraj_TABAK_about_me.jpg 1685w\" sizes=\"(max-width: 1024px) 100vw, 1024px\" \/>\t\t\t\t\t\t\t\t\t\t\t\t\t\t<\/div>\n\t\t\t\t\t\t<\/div>\n\t\t\t\t<\/div>\n\t\t\t\t\t\t<\/div>\n\t\t\t\t\t<\/div>\n\t\t<\/div>\n\t\t\t\t\t\t\t\t<\/div>\n\t\t\t\t\t<\/div>\n\t\t<\/section>\n\t\t\t\t<section class=\"elementor-section elementor-top-section elementor-element elementor-element-3baedbf elementor-section-boxed elementor-section-height-default elementor-section-height-default\" data-id=\"3baedbf\" data-element_type=\"section\">\n\t\t\t\t\t\t<div class=\"elementor-container elementor-column-gap-default\">\n\t\t\t\t\t\t\t<div class=\"elementor-row\">\n\t\t\t\t\t\t\t\t\t<\/div>\n\t\t\t\t\t<\/div>\n\t\t<\/section>\n\t\t\t\t\t\t<\/div>\n\t\t\t\t\t\t<\/div>\n\t\t\t\t\t<\/div>\n\t\t","protected":false},"excerpt":{"rendered":"<p>o mne Juraj Tabak, poch\u00e1dzam zo Slovenska a m\u00e1m 33 rokov. Som \u010dlovek, ktor\u00fd cel\u00fd svoj \u017eivot zasv\u00e4til svojej v\u00e1\u0161ni [&hellip;]<\/p>\n","protected":false},"author":1,"featured_media":0,"parent":0,"menu_order":1,"comment_status":"closed","ping_status":"closed","template":"","meta":{"_monsterinsights_skip_tracking":false,"_monsterinsights_sitenote_active":false,"_monsterinsights_sitenote_note":"","_monsterinsights_sitenote_category":0},"yoast_head":"<!-- This site is optimized with the Yoast SEO plugin v16.5 - https:\/\/yoast.com\/wordpress\/plugins\/seo\/ -->\n<title>\u00davod - jurajtabak.com<\/title>\n<meta name=\"robots\" content=\"index, follow, max-snippet:-1, max-image-preview:large, max-video-preview:-1\" \/>\n<link rel=\"canonical\" href=\"https:\/\/www.jurajtabak.com\/sk\/\" \/>\n<meta property=\"og:locale\" content=\"sk_SK\" \/>\n<meta property=\"og:type\" content=\"article\" \/>\n<meta property=\"og:title\" content=\"\u00davod - jurajtabak.com\" \/>\n<meta property=\"og:description\" content=\"o mne Juraj Tabak, poch\u00e1dzam zo Slovenska a m\u00e1m 33 rokov. Som \u010dlovek, ktor\u00fd cel\u00fd svoj \u017eivot zasv\u00e4til svojej v\u00e1\u0161ni [&hellip;]\" \/>\n<meta property=\"og:url\" content=\"https:\/\/www.jurajtabak.com\/sk\/\" \/>\n<meta property=\"og:site_name\" content=\"jurajtabak.com\" \/>\n<meta property=\"article:modified_time\" content=\"2021-07-11T12:12:12+00:00\" \/>\n<meta property=\"og:image\" content=\"https:\/\/www.jurajtabak.com\/wp-content\/uploads\/2018\/12\/divider_white.png\" \/>\n<meta name=\"twitter:card\" content=\"summary_large_image\" \/>\n<meta name=\"twitter:label1\" content=\"Predpokladan\u00fd \u010das \u010d\u00edtania\" \/>\n\t<meta name=\"twitter:data1\" content=\"3 min\u00faty\" \/>\n<script type=\"application\/ld+json\" class=\"yoast-schema-graph\">{\"@context\":\"https:\/\/schema.org\",\"@graph\":[{\"@type\":\"WebSite\",\"@id\":\"https:\/\/www.jurajtabak.com\/#website\",\"url\":\"https:\/\/www.jurajtabak.com\/\",\"name\":\"jurajtabak.com\",\"description\":\"Karate champion\",\"potentialAction\":[{\"@type\":\"SearchAction\",\"target\":\"https:\/\/www.jurajtabak.com\/?s={search_term_string}\",\"query-input\":\"required name=search_term_string\"}],\"inLanguage\":\"sk-SK\"},{\"@type\":\"ImageObject\",\"@id\":\"https:\/\/www.jurajtabak.com\/sk\/#primaryimage\",\"inLanguage\":\"sk-SK\",\"url\":\"https:\/\/www.jurajtabak.com\/wp-content\/uploads\/2018\/12\/divider_white.png\",\"contentUrl\":\"https:\/\/www.jurajtabak.com\/wp-content\/uploads\/2018\/12\/divider_white.png\",\"width\":94,\"height\":16},{\"@type\":\"WebPage\",\"@id\":\"https:\/\/www.jurajtabak.com\/sk\/#webpage\",\"url\":\"https:\/\/www.jurajtabak.com\/sk\/\",\"name\":\"\\u00davod - jurajtabak.com\",\"isPartOf\":{\"@id\":\"https:\/\/www.jurajtabak.com\/#website\"},\"primaryImageOfPage\":{\"@id\":\"https:\/\/www.jurajtabak.com\/sk\/#primaryimage\"},\"datePublished\":\"2021-07-05T16:17:05+00:00\",\"dateModified\":\"2021-07-11T12:12:12+00:00\",\"breadcrumb\":{\"@id\":\"https:\/\/www.jurajtabak.com\/sk\/#breadcrumb\"},\"inLanguage\":\"sk-SK\",\"potentialAction\":[{\"@type\":\"ReadAction\",\"target\":[\"https:\/\/www.jurajtabak.com\/sk\/\"]}]},{\"@type\":\"BreadcrumbList\",\"@id\":\"https:\/\/www.jurajtabak.com\/sk\/#breadcrumb\",\"itemListElement\":[{\"@type\":\"ListItem\",\"position\":1,\"name\":\"Domovsk\\u00e1 str\\u00e1nka\",\"item\":\"https:\/\/www.jurajtabak.com\/sk\/\"},{\"@type\":\"ListItem\",\"position\":2,\"name\":\"\\u00davod\"}]}]}<\/script>\n<!-- \/ Yoast SEO plugin. -->","_links":{"self":[{"href":"https:\/\/www.jurajtabak.com\/sk\/wp-json\/wp\/v2\/pages\/6290"}],"collection":[{"href":"https:\/\/www.jurajtabak.com\/sk\/wp-json\/wp\/v2\/pages"}],"about":[{"href":"https:\/\/www.jurajtabak.com\/sk\/wp-json\/wp\/v2\/types\/page"}],"author":[{"embeddable":true,"href":"https:\/\/www.jurajtabak.com\/sk\/wp-json\/wp\/v2\/users\/1"}],"replies":[{"embeddable":true,"href":"https:\/\/www.jurajtabak.com\/sk\/wp-json\/wp\/v2\/comments?post=6290"}],"version-history":[{"count":6,"href":"https:\/\/www.jurajtabak.com\/sk\/wp-json\/wp\/v2\/pages\/6290\/revisions"}],"predecessor-version":[{"id":6395,"href":"https:\/\/www.jurajtabak.com\/sk\/wp-json\/wp\/v2\/pages\/6290\/revisions\/6395"}],"wp:attachment":[{"href":"https:\/\/www.jurajtabak.com\/sk\/wp-json\/wp\/v2\/media?parent=6290"}],"curies":[{"name":"wp","href":"https:\/\/api.w.org\/{rel}","templated":true}]}}