{"id":6299,"date":"2021-07-05T18:25:37","date_gmt":"2021-07-05T16:25:37","guid":{"rendered":"https:\/\/www.jurajtabak.com\/?page_id=6299"},"modified":"2021-07-05T18:27:09","modified_gmt":"2021-07-05T16:27:09","slug":"vysledky","status":"publish","type":"page","link":"https:\/\/www.jurajtabak.com\/sk\/vysledky\/","title":{"rendered":"V\u00fdsledky"},"content":{"rendered":"\t\t<div data-elementor-type=\"wp-page\" data-elementor-id=\"6299\" class=\"elementor elementor-6299 elementor-6237\" data-elementor-settings=\"[]\">\n\t\t\t\t\t\t<div class=\"elementor-inner\">\n\t\t\t\t\t\t\t<div class=\"elementor-section-wrap\">\n\t\t\t\t\t\t\t<section class=\"elementor-section elementor-top-section elementor-element elementor-element-e66dd91 elementor-section-boxed elementor-section-height-default elementor-section-height-default\" data-id=\"e66dd91\" data-element_type=\"section\">\n\t\t\t\t\t\t<div class=\"elementor-container elementor-column-gap-default\">\n\t\t\t\t\t\t\t<div class=\"elementor-row\">\n\t\t\t\t\t<div class=\"elementor-column elementor-col-100 elementor-top-column elementor-element elementor-element-5236934\" data-id=\"5236934\" data-element_type=\"column\">\n\t\t\t<div class=\"elementor-column-wrap elementor-element-populated\">\n\t\t\t\t\t\t\t<div class=\"elementor-widget-wrap\">\n\t\t\t\t\t\t<div class=\"elementor-element elementor-element-e4f13a6 elementor-widget elementor-widget-text-editor\" data-id=\"e4f13a6\" data-element_type=\"widget\" data-widget_type=\"text-editor.default\">\n\t\t\t\t<div class=\"elementor-widget-container\">\n\t\t\t\t\t\t\t\t<div class=\"elementor-text-editor elementor-clearfix\">\n\t\t\t\t\t<p style=\"text-align: center;\"><strong>2019<\/strong><\/p><p style=\"text-align: center;\"><strong>Majstrovstv\u00e1 Slovenska 2019<\/strong> \u2013 Doln\u00fd Kub\u00edn \u2013 kumite plus 84 \u2013 <strong>2. miesto<\/strong><\/p><p style=\"text-align: center;\"><strong>2013<\/strong><\/p><p style=\"text-align: center;\"><strong>Majstrovstv\u00e1 sveta WTKA 2013<\/strong> \u2013 Taliansko \u2013 kumite plus 75 \u2013 <strong>3. miesto<\/strong><\/p><p style=\"text-align: center;\"><strong>Slovensk\u00fd poh\u00e1r feder\u00e1cie \u2013 1. kolo \u2013 2013<\/strong> \u2013 Prievidza \u2013 kumite mu\u017ei nad 78 kg \u2013 <strong>3. miesto<\/strong><\/p><p style=\"text-align: center;\"><strong>2012<\/strong><\/p><p style=\"text-align: center;\"><strong>Zvolen Cup \u2013 2012 <\/strong>\u2013 Zvolen \u2013 kumite mu\u017ei \u2013 <strong>3. miesto<\/strong><\/p><p style=\"text-align: center;\"><strong>Orava Cup \u2013 2012 <\/strong>\u2013 Doln\u00fd Kub\u00edn \u2013 kumite mu\u017ei \u2013<strong> 2. miesto<\/strong><\/p><p style=\"text-align: center;\"><strong>2011<\/strong><\/p><p style=\"text-align: center;\"><strong>\u0160portovec \u017diliny 2011<\/strong> \u2013 kumite dospel\u00ed &#8211; <strong>1. miesto<\/strong><\/p><p style=\"text-align: center;\"><strong>Terchov\u00e1 Cup \u2013 2011 \u2013 <\/strong>Terchov\u00e1 \u2013 kumite mu\u017ei \u2013<strong> 1. miesto<\/strong><\/p><p style=\"text-align: center;\"><strong>Majstrovstv\u00e1 sveta 2011<\/strong> \u2013 Marina Di Carrara &#8211; kumite mu\u017ei plus 75kg \u2013 <strong>2. miesto<\/strong><\/p><p style=\"text-align: center;\"><strong>Majstrovstv\u00e1 sveta WTKA 2011<\/strong> \u2013 Marina Di Carrara \u2013 kumite dru\u017estv\u00e1 \u2013 <strong>1. miesto<\/strong><\/p><p style=\"text-align: center;\"><strong>Majstrovstv\u00e1 sveta WKC 2011 &#8211; <\/strong>Liberec\u2013 dospel\u00ed plus 84 &#8211; <strong>4. miesto<\/strong><\/p><p style=\"text-align: center;\"><strong>World karate Chamiponship<\/strong> <strong>\u2013 2011 \u2013 <\/strong>Marrina Di Carrara \u2013 kumite mu\u017ei nad 70 kg \u2013 <strong>2. miesto<\/strong><\/p><p style=\"text-align: center;\"><strong>2010<\/strong><\/p><p style=\"text-align: center;\"><strong>Super Empi Karate Cup 2010<\/strong> \u2013 Subotica, Srbsko \u2013 kumite mu\u017ei open \u2013 <strong>2. miesto<\/strong><\/p><p style=\"text-align: center;\"><strong>Stupava cup \u2013 2010<\/strong> \u2013 Stupava \u2013 kumite mu\u017ei nad 78 kg \u2013 <strong>1. miesto<\/strong><\/p><p style=\"text-align: center;\"><strong>World championship<\/strong> <strong>\u2013 2010<\/strong> \u2013 Marina Di Carrara \u2013 kumite mu\u017ei open plus 70 kg \u2013 <strong>1. miesto<\/strong><\/p><p style=\"text-align: center;\"><strong>Super Enpi Cup \u2013 2010<\/strong> \u2013 Subotica, Serbia \u2013 kumite mu\u017ei nad 78 kg \u2013 <strong>2. miesto<\/strong><\/p><p style=\"text-align: center;\"><strong>Terchov\u00e1 Cup 2010 \u2013 <\/strong>Terchov\u00e1 \u2013 kumite mu\u017ei BRH<strong> \u2013 1. miesto<\/strong><\/p><p style=\"text-align: center;\"><strong>Super Enpi Cup \u2013 2010 <\/strong>&#8211; Subotica \u2013 Srbsko \u2013 kumite mu\u017ei \u2013<strong> 2. miesto<\/strong><\/p><p style=\"text-align: center;\"><strong>Majstrovstv\u00e1 Slovenska 2010<\/strong> \u2013 Martin \u2013 kumite dospel\u00ed plus 80 kg \u2013 <strong>1. miesto<\/strong><\/p><p style=\"text-align: center;\"><strong>Majstrovstv\u00e1 sveta WTKA 2010<\/strong> \u2013 Taliansko &#8211; <strong>&#8211; <\/strong>kumite nad 75 kg<strong> \u2013 1. miesto<\/strong><\/p><p style=\"text-align: center;\"><strong>Majstrovstv\u00e1 sveta WTKA 2010<\/strong> \u2013 Taliansko \u2013 kumite dru\u017estv\u00e1 &#8211; <strong>1. miesto<\/strong><\/p><p style=\"text-align: center;\"><strong>Eur\u00f3psky poh\u00e1r \u2013 2010<\/strong> \u2013 Polsko &#8211; kumite jednotlivci BRH \u2013 <strong>1. miesto<\/strong><\/p><p style=\"text-align: center;\"><strong>Grand prix \u017dilina \u2013 2010 &#8211;<\/strong> \u017dilina\u00a0 &#8211; kumite dospel\u00ed plus 84 kg \u2013 3<strong>. miesto<\/strong><\/p><p style=\"text-align: center;\"><strong>Terchov\u00e1 Cup \u2013 1010 \u2013 <\/strong>Terchov\u00e1 \u2013 kumite mu\u017ei BRH<strong> \u2013 1. miesto<\/strong><\/p><p style=\"text-align: center;\"><strong>\u0160portovec \u017diliny 2010<\/strong> \u2013 kumite dospel\u00ed <strong>1. miesto<\/strong><\/p><p style=\"text-align: center;\"><strong>2008<\/strong><\/p><p style=\"text-align: center;\"><strong>Karatista \u017diliny<\/strong> \u2013 <strong>2008 <\/strong>\u2013 dospel\u00ed \u2013 <strong>1. miesto<\/strong><\/p><p style=\"text-align: center;\"><strong>Majstrovstv\u00e1 Slovenska Univerz\u00edt <\/strong>\u2013<strong> 2008<\/strong> \u2013 \u017dilina \u2013 kumite mu\u017ei nad 80 kg \u2013 <strong>1. miesto<\/strong><\/p><p style=\"text-align: center;\"><strong>Majstrovstv\u00e1 Slovenska 2008<\/strong> \u2013 \u017dilina \u2013 kumite mu\u017ei nad 80 kg \u2013 <strong>2. miesto<\/strong><\/p><p style=\"text-align: center;\"><strong>Naj\u00faspe\u0161nej\u0161\u00ed \u0161portovec \u017diliny \u2013 2008<\/strong> \u2013 \u017dilina \u2013 dospel\u00ed <strong>\u2013 6. miesto<\/strong><\/p><p style=\"text-align: center;\"><strong>Slovensk\u00e1 univerzi\u00e1da<\/strong> <strong>\u2013 2008<\/strong> \u2013 \u017dilina \u2013 kumite mu\u017ei BRH <strong>\u2013 2. miesto<\/strong><\/p><p style=\"text-align: center;\"><strong>majstrovstv\u00e1 sveta WKF \u2013 2008<\/strong> &#8211; Istambul, Turecko\u2013 kumite juniori \u2013 <strong>5. miesto<\/strong><\/p><p style=\"text-align: center;\"><strong>2007<\/strong><\/p><p style=\"text-align: center;\"><strong>Karatista \u017diliny <\/strong>\u2013 <strong>2007<\/strong> \u2013 kmite dospel\u00ed \u2013 <strong>1. miesto<\/strong><\/p><p style=\"text-align: center;\"><strong>Majstrovstv\u00e1 Slovenska \u2013 2007<\/strong> \u2013 \u017dilina \u2013 kumite juniori nd 80 kg \u2013 <strong>3. miesto<\/strong><\/p><ol style=\"text-align: center;\" start=\"10\"><li><strong> Budapest Open \u2013 2007 <\/strong>&#8211; Budape\u0161\u0165, Ma\u010farsko &#8211; kumite mu\u017ei nad 80 kg <strong>\u2013 3. miesto<\/strong><\/li><\/ol><p style=\"text-align: center;\"><strong>Naj\u00faspe\u0161nej\u0161\u00ed \u0161portovec \u017diliny \u2013 2007<\/strong> \u2013 \u017dilina \u2013 dospel\u00ed \u2013 <strong>6. miesto<\/strong><\/p><p style=\"text-align: center;\"><strong>Slovensk\u00fd poh\u00e1r plus Superpoh\u00e1r \u2013 2007<\/strong> \u2013 \u017dilina \u2013 kumite mu\u017ei nad 80 kg \u2013 <strong>3. miesto<\/strong><\/p><p style=\"text-align: center;\"><strong>Majstrovstv\u00e1 Stredn\u00e9ho Slovenska \u2013 2007 <\/strong>\u2013 \u017dilina &#8211; kumite mu\u017ei nad 80 kg<strong> \u2013 1. miesto<\/strong><\/p><p style=\"text-align: center;\"><strong>Memorian Cup \u2013 2007 \u2013 Slavonski Brod <\/strong>\u2013 Chorv\u00e1tsko &#8211; kumite mu\u017ei nad 78 kg \u2013 <strong>1. miesto<\/strong><\/p><p style=\"text-align: center;\"><strong>Slovensk\u00fd poh\u00e1r \u2013 2007<\/strong> \u2013 Tren\u010d\u00edn \u2013 kumite juniori nad 80 kg \u2013 <strong>1. miesto<\/strong><\/p><p style=\"text-align: center;\"><strong>8th international karate cup open \u2013 2007<\/strong> \u2013 Plze\u0148 \u2013 kumite juniori nad 80 kg \u2013 <strong>2. miesto<\/strong><\/p><p style=\"text-align: center;\"><strong>Karatista oddielu \u2013 2007<\/strong> \u2013 \u017dilina <strong>\u2013 1. miesto<\/strong><\/p><p style=\"text-align: center;\"><strong>8th international karate Cup open 2007<\/strong> \u2013 Plze\u0148 \u2013 kumite team mu\u017ei \u2013 <strong>1. miesto<\/strong><\/p><p style=\"text-align: center;\"><strong>Budapest Open \u2013 2007 \u2013 <\/strong>Budape\u0161t \u2013 Ma\u010farsko \u2013 kumite mu\u017ei nad 80 kg \u2013<strong> 1. miesto<\/strong><\/p><p style=\"text-align: center;\"><strong>Stredoslovensk\u00fd poh\u00e1r \u2013 2007<\/strong> \u2013 \u017dilina \u2013 kumite juniori nad 80 kg \u2013 <strong>1. miesto<\/strong><\/p><p style=\"text-align: center;\"><strong>European University karate cup \u2013 2007<\/strong> \u2013 B. Bystrica \u2013 kumite mu\u017ei nad 78 kg \u2013 <strong>2. miesto<\/strong><\/p><p style=\"text-align: center;\"><strong>Czech Grand Prix \u2013 2007<\/strong> \u2013 kumite dospel\u00ed plus 84 kg \u2013 <strong>2. miesto<\/strong><\/p><p style=\"text-align: center;\"><strong>majstrovstv\u00e1 Eur\u00f3py WKF \u2013 2007<\/strong> &#8211;\u00a0 Izmir, Turecko \u2013 kumite juniori \u2013 <strong>5. miesto<\/strong><\/p><p style=\"text-align: center;\"><strong>2006<\/strong><\/p><p style=\"text-align: center;\"><strong>21th International Slovakia Karate Cup \u2013 2006 <\/strong>\u2013 B. Bystrica \u2013 kumite mu\u017ei nad 80kg \u2013<strong> 1. miesto<\/strong><\/p><p style=\"text-align: center;\"><strong>majstrovstv\u00e1 Eur\u00f3py WKF \u2013 2006 -Podgorica<\/strong> \u2013 \u010cierna Hora &#8211;\u00a0\u00a0 kumite juniori <strong>\u2013 4. miesto<\/strong><\/p><p style=\"text-align: center;\"><strong>Majstrovstv\u00e1 Slovenska \u2013 2006<\/strong> &#8211; \u017dilina \u2013kumite dospel\u00ed plus 84 kg \u2013 <strong>1. miesto<\/strong><\/p><p style=\"text-align: center;\"><strong>Karatista oddielu \u2013 2006<\/strong> \u2013 \u017dilina \u2013 <strong>1. miesto<\/strong><\/p><p style=\"text-align: center;\"><strong>27th Grand Prix Slovakia \u2013 2006<\/strong> \u2013 Bratislava \u2013 kumite mu\u017ei nad 80 kg \u2013 <strong>2. miesto<\/strong><\/p><p style=\"text-align: center;\"><strong>European university karate cup \u2013 2006<\/strong> \u2013 B. Bystrica \u2013 kumite mu\u017ei BRH \u2013 <strong>2. miesto<\/strong><\/p><p style=\"text-align: center;\"><strong>Majstrovstv\u00e1 Slovenska 2006<\/strong> \u2013 \u017dilina \u2013 kumite juniori nad 80 kg \u2013 <strong>1. miesto<\/strong><\/p><p style=\"text-align: center;\"><strong>Majstrovstv\u00e1 Slovenska seniorov <\/strong>\u2013<strong> 2006<\/strong> \u2013 \u017dilina \u2013 kumite mu\u017ei nad 80 kg \u2013 <strong>1. miesto<\/strong><\/p><p style=\"text-align: center;\"><strong>Majstrovstv\u00e1 Slovenska juniorov \u2013 2006 \u2013 <\/strong>Sabinov \u2013 kumite juniori nad 80 kg \u2013<strong> 1. miesto<\/strong><\/p><p style=\"text-align: center;\"><strong>Slovensk\u00fd poh\u00e1r plus Superpoh\u00e1r 2. kolo \u2013 2006<\/strong> \u2013 Pre\u0161ov \u2013 kumite seniori \u2013 <strong>1. miesto<\/strong><\/p><ol style=\"text-align: center;\" start=\"7\"><li><strong> Slovenia Open \u2013 2006 &#8211; <\/strong>Gorica \u2013 Slovinsko \u2013 kumite mu\u017ei \u2013<strong> 2. miesto<\/strong><\/li><\/ol><p style=\"text-align: center;\"><strong>Grand Prix Croatia \u2013 2006 \u2013<\/strong> Samobor &#8211; Chorv\u00e1tsko \u2013 kumite mu\u017ei nad 80 kg<strong> \u2013 3. miesto<\/strong><\/p><p style=\"text-align: center;\"><strong>Budapest Open \u2013 2006 <\/strong>\u2013 Budape\u0161\u0165 \u2013 Ma\u010farsko \u2013 kumite mu\u017ei \u2013<strong> 1. miesto<\/strong><\/p><p style=\"text-align: center;\"><strong>Karatista \u017diliny \u2013 2006<\/strong> \u2013 dospel\u00ed \u2013 <strong>1. miesto<\/strong><\/p><p style=\"text-align: center;\"><strong>Majstrovstv\u00e1 Slovenska \u2013 2006<\/strong> &#8211; \u017dilina \u2013kumite dospel\u00ed plus 84 kg \u2013 <strong>1. miesto<\/strong><\/p><p style=\"text-align: center;\"><strong>2005<\/strong><\/p><p style=\"text-align: center;\"><strong>Krokoyama Cup \u2013 2005<\/strong> &#8211; Koblenz &#8211; Nemecko &#8211; kumite jednotlivci <strong>1. miesto<\/strong><\/p><p style=\"text-align: center;\"><strong>European university cup \u2013 2005<\/strong> \u2013 kumite mu\u017ei nad 78 \u2013 <strong>3. miesto<\/strong><\/p><p style=\"text-align: center;\"><strong>Budapest Open \u2013 2005 \u2013 <\/strong>Budape\u0161\u0165, Ma\u010farsko \u2013 kumite juniori \u2013<strong> 1. miesto<\/strong><\/p><p style=\"text-align: center;\"><strong>Majstrovstv\u00e1 SsZK \u2013 2005<\/strong> \u2013 kumite kadeti nad 65 kg \u2013 <strong>1. miesto<\/strong><\/p><p style=\"text-align: center;\"><strong>Slovensk\u00fd poh\u00e1r 2005<\/strong> \u2013 Tren\u010d\u00edn \u2013 kumite juniori nad 80 kg \u2013 <strong>1. miesto<\/strong><\/p><p style=\"text-align: center;\"><strong>Majstrovstv\u00e1 Slovenska \u2013 2005<\/strong> \u2013 Nov\u00e9 Z\u00e1mky \u2013 kumite juniori nad 80 kg \u2013 <strong>1. miesto<\/strong><\/p><p style=\"text-align: center;\"><strong>Slovensk\u00fd poh\u00e1r \u2013 1. kolo \u2013 2005<\/strong> \u2013 \u017dilina \u2013 kumite kadeti nad 75 kg \u2013 <strong>1. miesto<\/strong><\/p><p style=\"text-align: center;\"><strong>Slovensk\u00fd poh\u00e1r plus Superpoh\u00e1r \u2013 2005<\/strong> \u2013 \u017dilina \u2013 kumite mu\u017ei nad 80 kg \u2013 <strong>3. miesto<\/strong><\/p><p style=\"text-align: center;\"><strong>Slovensk\u00fd poh\u00e1r plus Superpoh\u00e1r \u2013 2005<\/strong> \u2013 \u017dilina \u2013 kumite st. dorastenci nad 75 kg \u2013 <strong>1. miesto<\/strong><\/p><p style=\"text-align: center;\"><strong>European University Karate Cup \u2013 2005<\/strong> \u2013 B. Bystrica \u2013 kumite kadeti nad 65 kg \u2013 <strong>3. miesto<\/strong><\/p><p style=\"text-align: center;\"><strong>8th Budapest Open \u2013 2005<\/strong> \u2013 Budape\u0161t \u2013 Ma\u010farsko \u2013 kumite \u2013 <strong>1. miesto<\/strong><\/p><p style=\"text-align: center;\"><strong>Majstrovstv\u00e1 str. Slovenska \u2013 2005 \u2013<\/strong> \u017dilina \u2013 kumite mu\u017ei \u2013 80 kg \u2013 <strong>1. miesto<\/strong><\/p><p style=\"text-align: center;\"><strong>Majstrovstv\u00e1 Slovenska \u2013 2005<\/strong> \u2013 Tren\u010d\u00edn \u2013 kumite mu\u017ei do 80 kg \u2013 <strong>3. miesto<\/strong><\/p><p style=\"text-align: center;\"><strong>26th Grand prix Slovakia \u2013 2005<\/strong> \u2013 Bratislava \u2013 kumite kadeti nad 75 kg \u2013 <strong>1. miesto<\/strong><\/p><p style=\"text-align: center;\"><strong>2004<\/strong><\/p><p style=\"text-align: center;\"><strong>Majstrovstv\u00e1 Sllovenska \u2013 2004<\/strong> \u2013 Tren\u010d\u00edn \u2013 kumite st. dorastenci nad 75 kg \u2013 <strong>1. miesto<\/strong><\/p><p style=\"text-align: center;\"><strong>Slovensk\u00fd pohar st. dorastencov \u2013 2004<\/strong> \u2013 Zvolen \u2013 kumite st. dorastenci nad 75 kg \u2013 <strong>3. miesto<\/strong><\/p><p style=\"text-align: center;\"><strong>Stredoslovensk\u00fd poh\u00e1r ml\u00e1de\u017ee \u2013 2004 <\/strong>\u2013 kumite st. dorastenci nad 65 kg \u2013 <strong>1. miesto<\/strong><\/p><p style=\"text-align: center;\"><strong>Bratislavsk\u00fd poh\u00e1r \u2013 2004<\/strong> \u2013 Bratislava \u2013 kumite nad 60 kg \u2013 <strong>3. miesto<\/strong><\/p><p style=\"text-align: center;\"><strong>\u010ceskoslovensk\u00e1 liga \u2013 2004<\/strong>\u00a0 &#8211; Kop\u0159ivnica \u2013 kumite dru\u017estv\u00e1 <strong>3. miesto<\/strong><\/p><p style=\"text-align: center;\"><strong>Slovensk\u00fd poh\u00e1r 1. kolo \u2013 2004<\/strong> \u2013 Tren\u010d\u00edn \u2013 kumite st. dorastenci nad 75 kg \u2013 <strong>1. miesto<\/strong><\/p><p style=\"text-align: center;\"><strong>Ve\u013ek\u00e1 cena Ostravy \u2013 2004<\/strong> \u2013 Ostrava \u2013 kumite dorastenci BRH \u2013 <strong>3. miesto<\/strong><\/p><p style=\"text-align: center;\"><strong>European university cup \u2013 2004<\/strong> \u2013 kumite kadeti nad 65 \u2013 <strong>1. miesto<\/strong><\/p><p style=\"text-align: center;\"><strong>Karatista oddielu \u2013 2004<\/strong> \u2013 \u017dilina \u2013 <strong>1. miesto<\/strong><\/p><p style=\"text-align: center;\"><strong>2003<\/strong><\/p><p style=\"text-align: center;\"><strong>Majstrovstv\u00e1 str. Slovenska \u2013 2003<\/strong> \u2013 \u017dilina \u2013 kumite ml. dorastenci nad 65 kg \u2013 <strong>1. miesto<\/strong><\/p><p style=\"text-align: center;\"><strong>Stredoslovensk\u00fd poh\u00e1r \u2013 2003 \u2013<\/strong> Zvolen \u2013 kumite ml. dorastenci nad 65 kg \u2013 <strong>1. miesto<\/strong><\/p><p style=\"text-align: center;\"><strong>Majstrovstv\u00e1 Bratislavy 2003<\/strong> \u2013 Bratislava \u2013 kumite \u2013 <strong>1. miesto<\/strong><\/p><p style=\"text-align: center;\"><strong>Majstrovstv\u00e1 Slovenska \u2013 2003<\/strong> \u2013 Tren\u010d\u00edn \u2013 kumite st. dorastenci nad 75 kg \u2013 <strong>2. miesto<\/strong><\/p><p style=\"text-align: center;\"><strong>Karatista oddielu \u2013 2003<\/strong> \u2013 \u017dilina \u2013 <strong>2. miesto<\/strong><\/p><p style=\"text-align: center;\"><strong>Majstrostv\u00e1 Slovenska 2003<\/strong> \u2013 kumite ml. dorastenci nad 65 \u2013 <strong>1. miesto<\/strong><\/p><ol style=\"text-align: center;\" start=\"2\"><li><strong> medzin\u00e1rodn\u00fd poh\u00e1r ml\u00e1de\u017ee \u2013 2003<\/strong> &#8211; Hav\u00ed\u0159ov \u2013 kumite star\u0161\u00ed \u017eiaci nad 60 \u2013 <strong>2. miesto<\/strong><\/li><\/ol><p style=\"text-align: center;\"><strong>Ve\u013ek\u00e1 cena Ostravy \u2013 2003<\/strong> \u2013 Ostrava \u2013 kumite dorastenci BRH \u2013 <strong>3. miesto<\/strong><\/p><p style=\"text-align: center;\"><strong>Slovensk\u00fd poh\u00e1r 3. kolo \u2013 2003<\/strong> \u2013 Tren\u010d\u00edn \u2013 kumite st. dorastenci nad 75 kg \u2013 <strong>3. miesto<\/strong><\/p><p style=\"text-align: center;\"><strong>Stredoslovensk\u00fd poh\u00e1r \u2013 2003 \u2013<\/strong> Zvolen \u2013 kumite ml. dorastenci nad 65 kg \u2013 <strong>1. miesto<\/strong><\/p><p style=\"text-align: center;\"><strong>4th international karate cup open \u2013 2003<\/strong> \u2013 Plze\u0148 \u2013 kumite chlapci plus 60 kg \u2013 <strong>3. miesto<\/strong><\/p><p style=\"text-align: center;\"><strong>2002<\/strong><\/p><p style=\"text-align: center;\"><strong>Majstrovstv\u00e1 stredn\u00e9ho Slovenska 2002<\/strong> \u2013 \u017dilina \u2013 kumite ml. dorastenci nad 60 kg \u2013 <strong>1. miesto<\/strong><\/p><p style=\"text-align: center;\"><strong>Morava Open \u2013 2002<\/strong> \u2013 Kop\u0159ivnica \u2013 kumite st. \u017eiaci nad 50 kg \u2013 <strong>3. miesto<\/strong><\/p><p style=\"text-align: center;\"><strong>Majstrovstv\u00e1 Slovenska \u2013 2002<\/strong> \u2013 \u017dilina \u2013 kumite st. dorastenci nad 75 kg \u2013 <strong>2. miesto<\/strong><\/p><p style=\"text-align: center;\"><strong>2001<\/strong><\/p><p style=\"text-align: center;\"><strong>Stredoslovensk\u00fd poh\u00e1r \u2013 2001 \u2013<\/strong> B. Bystrica \u2013 kumite st. \u017eiaci nad 50 kg \u2013 <strong>1. miesto<\/strong><\/p><p style=\"text-align: center;\"><strong>Slovensk\u00fd poh\u00e1r 4. kolo \u2013 2001 \u2013<\/strong> Pre\u0161ov \u2013 kumite st. \u017diaci nad 50 kg \u2013 <strong>3. miesto<\/strong><\/p><p style=\"text-align: center;\"><strong>Stredoslovensk\u00fd poh\u00e1r ml\u00e1de\u017ee \u2013 2001<\/strong> \u2013 \u017dilina \u2013 kumite st. \u017eiaci nad 50 kg \u2013 <strong>3. miesto<\/strong><\/p><p style=\"text-align: center;\"><strong>Stredoslovensk\u00fd poh\u00e1r \u2013 2001<\/strong> \u2013 B. Bystrica \u2013 kumite st. \u017eiaci nad 50 kg <strong>\u2013 1. miesto<\/strong><\/p><p style=\"text-align: center;\"><strong>Karatista oddielu \u2013 2001<\/strong> \u2013 \u017dilina \u2013 <strong>3. miesto<\/strong><\/p><p style=\"text-align: center;\"><strong>Majstrovst\u00e1 Slovenska \u2013 2001<\/strong> \u2013 kumite \u017eiaci nad 50 kg \u2013 <strong>2. miesto<\/strong><\/p><p style=\"text-align: center;\"><strong>2000<\/strong><\/p><p style=\"text-align: center;\"><strong>Slovensk\u00fd poh\u00e1r \u2013 1. kolo \u2013 2000<\/strong> \u2013 kumite st. \u017eiaci nad 50 kg \u2013 <strong>3. miesto<\/strong><\/p><p style=\"text-align: center;\">Majstrovstv\u00e1 stredn\u00e9ho Slovenska \u2013 2000 \u2013 \u017dilina \u2013 kumite st. \u017eiaci do 50 kg \u2013 <strong>2. miesto<\/strong><\/p>\t\t\t\t\t<\/div>\n\t\t\t\t\t\t<\/div>\n\t\t\t\t<\/div>\n\t\t\t\t\t\t<\/div>\n\t\t\t\t\t<\/div>\n\t\t<\/div>\n\t\t\t\t\t\t\t\t<\/div>\n\t\t\t\t\t<\/div>\n\t\t<\/section>\n\t\t\t\t\t\t<\/div>\n\t\t\t\t\t\t<\/div>\n\t\t\t\t\t<\/div>\n\t\t","protected":false},"excerpt":{"rendered":"<p>2019 Majstrovstv\u00e1 Slovenska 2019 \u2013 Doln\u00fd Kub\u00edn \u2013 kumite plus 84 \u2013 2. miesto 2013 Majstrovstv\u00e1 sveta WTKA 2013 \u2013 [&hellip;]<\/p>\n","protected":false},"author":1,"featured_media":0,"parent":0,"menu_order":0,"comment_status":"closed","ping_status":"closed","template":"","meta":{"_monsterinsights_skip_tracking":false,"_monsterinsights_sitenote_active":false,"_monsterinsights_sitenote_note":"","_monsterinsights_sitenote_category":0},"yoast_head":"<!-- This site is optimized with the Yoast SEO plugin v16.5 - https:\/\/yoast.com\/wordpress\/plugins\/seo\/ -->\n<title>V\u00fdsledky - jurajtabak.com<\/title>\n<meta name=\"robots\" content=\"index, follow, max-snippet:-1, max-image-preview:large, max-video-preview:-1\" \/>\n<link rel=\"canonical\" href=\"https:\/\/www.jurajtabak.com\/sk\/vysledky\/\" \/>\n<meta property=\"og:locale\" content=\"sk_SK\" \/>\n<meta property=\"og:type\" content=\"article\" \/>\n<meta property=\"og:title\" content=\"V\u00fdsledky - jurajtabak.com\" \/>\n<meta property=\"og:description\" content=\"2019 Majstrovstv\u00e1 Slovenska 2019 \u2013 Doln\u00fd Kub\u00edn \u2013 kumite plus 84 \u2013 2. miesto 2013 Majstrovstv\u00e1 sveta WTKA 2013 \u2013 [&hellip;]\" \/>\n<meta property=\"og:url\" content=\"https:\/\/www.jurajtabak.com\/sk\/vysledky\/\" \/>\n<meta property=\"og:site_name\" content=\"jurajtabak.com\" \/>\n<meta property=\"article:modified_time\" content=\"2021-07-05T16:27:09+00:00\" \/>\n<meta name=\"twitter:card\" content=\"summary_large_image\" \/>\n<meta name=\"twitter:label1\" content=\"Predpokladan\u00fd \u010das \u010d\u00edtania\" \/>\n\t<meta name=\"twitter:data1\" content=\"6 min\u00fat\" \/>\n<script type=\"application\/ld+json\" class=\"yoast-schema-graph\">{\"@context\":\"https:\/\/schema.org\",\"@graph\":[{\"@type\":\"WebSite\",\"@id\":\"https:\/\/www.jurajtabak.com\/#website\",\"url\":\"https:\/\/www.jurajtabak.com\/\",\"name\":\"jurajtabak.com\",\"description\":\"Karate champion\",\"potentialAction\":[{\"@type\":\"SearchAction\",\"target\":\"https:\/\/www.jurajtabak.com\/?s={search_term_string}\",\"query-input\":\"required name=search_term_string\"}],\"inLanguage\":\"sk-SK\"},{\"@type\":\"WebPage\",\"@id\":\"https:\/\/www.jurajtabak.com\/sk\/vysledky\/#webpage\",\"url\":\"https:\/\/www.jurajtabak.com\/sk\/vysledky\/\",\"name\":\"V\\u00fdsledky - jurajtabak.com\",\"isPartOf\":{\"@id\":\"https:\/\/www.jurajtabak.com\/#website\"},\"datePublished\":\"2021-07-05T16:25:37+00:00\",\"dateModified\":\"2021-07-05T16:27:09+00:00\",\"breadcrumb\":{\"@id\":\"https:\/\/www.jurajtabak.com\/sk\/vysledky\/#breadcrumb\"},\"inLanguage\":\"sk-SK\",\"potentialAction\":[{\"@type\":\"ReadAction\",\"target\":[\"https:\/\/www.jurajtabak.com\/sk\/vysledky\/\"]}]},{\"@type\":\"BreadcrumbList\",\"@id\":\"https:\/\/www.jurajtabak.com\/sk\/vysledky\/#breadcrumb\",\"itemListElement\":[{\"@type\":\"ListItem\",\"position\":1,\"name\":\"Domovsk\\u00e1 str\\u00e1nka\",\"item\":\"https:\/\/www.jurajtabak.com\/sk\/\"},{\"@type\":\"ListItem\",\"position\":2,\"name\":\"V\\u00fdsledky\"}]}]}<\/script>\n<!-- \/ Yoast SEO plugin. -->","_links":{"self":[{"href":"https:\/\/www.jurajtabak.com\/sk\/wp-json\/wp\/v2\/pages\/6299"}],"collection":[{"href":"https:\/\/www.jurajtabak.com\/sk\/wp-json\/wp\/v2\/pages"}],"about":[{"href":"https:\/\/www.jurajtabak.com\/sk\/wp-json\/wp\/v2\/types\/page"}],"author":[{"embeddable":true,"href":"https:\/\/www.jurajtabak.com\/sk\/wp-json\/wp\/v2\/users\/1"}],"replies":[{"embeddable":true,"href":"https:\/\/www.jurajtabak.com\/sk\/wp-json\/wp\/v2\/comments?post=6299"}],"version-history":[{"count":4,"href":"https:\/\/www.jurajtabak.com\/sk\/wp-json\/wp\/v2\/pages\/6299\/revisions"}],"predecessor-version":[{"id":6304,"href":"https:\/\/www.jurajtabak.com\/sk\/wp-json\/wp\/v2\/pages\/6299\/revisions\/6304"}],"wp:attachment":[{"href":"https:\/\/www.jurajtabak.com\/sk\/wp-json\/wp\/v2\/media?parent=6299"}],"curies":[{"name":"wp","href":"https:\/\/api.w.org\/{rel}","templated":true}]}}