{"id":6312,"date":"2021-07-05T18:30:30","date_gmt":"2021-07-05T16:30:30","guid":{"rendered":"https:\/\/www.jurajtabak.com\/?page_id=6312"},"modified":"2021-07-05T18:30:56","modified_gmt":"2021-07-05T16:30:56","slug":"media","status":"publish","type":"page","link":"https:\/\/www.jurajtabak.com\/sk\/media\/","title":{"rendered":"M\u00e9dia"},"content":{"rendered":"\t\t<div data-elementor-type=\"wp-page\" data-elementor-id=\"6312\" class=\"elementor elementor-6312 elementor-6253\" data-elementor-settings=\"[]\">\n\t\t\t\t\t\t<div class=\"elementor-inner\">\n\t\t\t\t\t\t\t<div class=\"elementor-section-wrap\">\n\t\t\t\t\t\t\t<section class=\"elementor-section elementor-top-section elementor-element elementor-element-0aecd6f elementor-section-boxed elementor-section-height-default elementor-section-height-default\" data-id=\"0aecd6f\" data-element_type=\"section\">\n\t\t\t\t\t\t<div class=\"elementor-container elementor-column-gap-default\">\n\t\t\t\t\t\t\t<div class=\"elementor-row\">\n\t\t\t\t\t<div class=\"elementor-column elementor-col-100 elementor-top-column elementor-element elementor-element-bb798cf\" data-id=\"bb798cf\" data-element_type=\"column\">\n\t\t\t<div class=\"elementor-column-wrap elementor-element-populated\">\n\t\t\t\t\t\t\t<div class=\"elementor-widget-wrap\">\n\t\t\t\t\t\t<div class=\"elementor-element elementor-element-e8f7920 elementor-widget elementor-widget-text-editor\" data-id=\"e8f7920\" data-element_type=\"widget\" data-widget_type=\"text-editor.default\">\n\t\t\t\t<div class=\"elementor-widget-container\">\n\t\t\t\t\t\t\t\t<div class=\"elementor-text-editor elementor-clearfix\">\n\t\t\t\t\t<p style=\"text-align: center;\"><a href=\"https:\/\/sport.aktuality.sk\/c\/102690\/karatista-juraj-tabak-z-bojazlivca-majster-sveta\/\">Karatista Juraj Tabak: Z bojazlivca majster sveta (aktuality.sk)<\/a><\/p><p style=\"text-align: center;\"><a href=\"https:\/\/www.europa2.sk\/novinky\/celebrity\/16262-dnes-v-nocnej-show-juraj-tabak\">Dnes v No\u010dnej Show Juraj Tabak (europa2.sk)<\/a><\/p><p style=\"text-align: center;\"><a href=\"https:\/\/www.vyzivovo.sk\/o-jedalnicky-je-najvacsi-zaujem-pred-letom-a-po-vianociach-rozhovor-s-majstrom-sveta-v-karate\/\">V\u00fd\u017eivov\u00fd poradca Juraj Tabak &#8211; interview (vyzivovo.sk)<\/a><\/p><p style=\"text-align: center;\"><a href=\"https:\/\/panoramapro.sk\/veni-vidi\/v-juraj-tabak-karaterista\/\">(V) Juraj Tabak &#8211; karatista &#8211; TV Panor\u00e1ma (panoramapro.sk)<\/a><\/p><p style=\"text-align: center;\"><a href=\"https:\/\/www.youtube.com\/watch?v=lJJV6ZniL2o\">Juraj Tabak &#8211; TV PATRIOT &#8211; rozhovor &#8211; YouTube<\/a><\/p><p style=\"text-align: center;\"><a href=\"https:\/\/www.youtube.com\/watch?v=hhE8Vy-iG8w\">Juraj Tabak v r\u00e1diu Regina &#8211; YouTube<\/a><\/p><p style=\"text-align: center;\"><a href=\"https:\/\/www.youtube.com\/watch?v=e7TjG-wMhfc\">Juraj Tabak v r\u00e1diu Regina &#8211; YouTube<\/a><\/p><p style=\"text-align: center;\"><a href=\"https:\/\/sport.aktuality.sk\/c\/133364\/video-karatista-tabak-obdaroval-van-dammeho-splnil-sa-mi-detsky-sen\/\">Video: Karatista Tabak obdaroval Van Dammeho: \u201eSplnil sa mi detsk\u00fd sen!\u201c (aktuality.sk)<\/a><\/p><p style=\"text-align: center;\"><a href=\"https:\/\/myzilina.sme.sk\/c\/6038795\/sampion-juraj-tabak-bez-karate-to-nie-som-ja.html\">\u0160ampi\u00f3n Juraj Tabak: Bez karate to nie som ja &#8211; SME | MY \u017dilina<\/a><\/p><p style=\"text-align: center;\"><a href=\"https:\/\/myzilina.sme.sk\/c\/6145612\/karatista-tabak-bral-na-sampionate-vsetky-tri-kovy.html\">Karatista Tabak bral na \u0161ampion\u00e1te v\u0161etky tri kovy &#8211; SME | MY \u017dilina<\/a><\/p><p style=\"text-align: center;\"><a href=\"https:\/\/myzilina.sme.sk\/c\/4797228\/tabak-je-majstrom-slovenska.html\">Tabak je majstrom Slovenska &#8211; SME | MY \u017dilina<\/a><\/p><p style=\"text-align: center;\"><a href=\"https:\/\/myzilina.sme.sk\/c\/4797736\/tabak-uspesny-v-reprezentacii.html\">Tabak \u00faspe\u0161n\u00fd v reprezent\u00e1cii &#8211; SME | MY \u017dilina<\/a><\/p><p style=\"text-align: center;\"><a href=\"https:\/\/myzilina.sme.sk\/c\/6281532\/v-ziline-je-velka-zakladna-karatistov-mysli-si-tabak.html\">V \u017diline je ve\u013ek\u00e1 z\u00e1klad\u0148a karatistov, mysl\u00ed si Tabak &#8211; SME | MY \u017dilina<\/a><\/p><p style=\"text-align: center;\"><a href=\"https:\/\/myzilina.sme.sk\/c\/4793688\/tabak-obhajil-minulorocne-prvenstvo.html\">Tabak obh\u00e1jil minuloro\u010dn\u00e9 prvenstvo &#8211; SME | MY \u017dilina<\/a><\/p>\t\t\t\t\t<\/div>\n\t\t\t\t\t\t<\/div>\n\t\t\t\t<\/div>\n\t\t\t\t\t\t<\/div>\n\t\t\t\t\t<\/div>\n\t\t<\/div>\n\t\t\t\t\t\t\t\t<\/div>\n\t\t\t\t\t<\/div>\n\t\t<\/section>\n\t\t\t\t\t\t<\/div>\n\t\t\t\t\t\t<\/div>\n\t\t\t\t\t<\/div>\n\t\t","protected":false},"excerpt":{"rendered":"<p>Karatista Juraj Tabak: Z bojazlivca majster sveta (aktuality.sk) Dnes v No\u010dnej Show Juraj Tabak (europa2.sk) V\u00fd\u017eivov\u00fd poradca Juraj Tabak &#8211; [&hellip;]<\/p>\n","protected":false},"author":1,"featured_media":0,"parent":0,"menu_order":0,"comment_status":"closed","ping_status":"closed","template":"","meta":{"_monsterinsights_skip_tracking":false,"_monsterinsights_sitenote_active":false,"_monsterinsights_sitenote_note":"","_monsterinsights_sitenote_category":0},"yoast_head":"<!-- This site is optimized with the Yoast SEO plugin v16.5 - https:\/\/yoast.com\/wordpress\/plugins\/seo\/ -->\n<title>M\u00e9dia - jurajtabak.com<\/title>\n<meta name=\"robots\" content=\"index, follow, max-snippet:-1, max-image-preview:large, max-video-preview:-1\" \/>\n<link rel=\"canonical\" href=\"https:\/\/www.jurajtabak.com\/sk\/media\/\" \/>\n<meta property=\"og:locale\" content=\"sk_SK\" \/>\n<meta property=\"og:type\" content=\"article\" \/>\n<meta property=\"og:title\" content=\"M\u00e9dia - jurajtabak.com\" \/>\n<meta property=\"og:description\" content=\"Karatista Juraj Tabak: Z bojazlivca majster sveta (aktuality.sk) Dnes v No\u010dnej Show Juraj Tabak (europa2.sk) V\u00fd\u017eivov\u00fd poradca Juraj Tabak &#8211; [&hellip;]\" \/>\n<meta property=\"og:url\" content=\"https:\/\/www.jurajtabak.com\/sk\/media\/\" \/>\n<meta property=\"og:site_name\" content=\"jurajtabak.com\" \/>\n<meta property=\"article:modified_time\" content=\"2021-07-05T16:30:56+00:00\" \/>\n<meta name=\"twitter:card\" content=\"summary_large_image\" \/>\n<meta name=\"twitter:label1\" content=\"Predpokladan\u00fd \u010das \u010d\u00edtania\" \/>\n\t<meta name=\"twitter:data1\" content=\"1 min\u00fata\" \/>\n<script type=\"application\/ld+json\" class=\"yoast-schema-graph\">{\"@context\":\"https:\/\/schema.org\",\"@graph\":[{\"@type\":\"WebSite\",\"@id\":\"https:\/\/www.jurajtabak.com\/#website\",\"url\":\"https:\/\/www.jurajtabak.com\/\",\"name\":\"jurajtabak.com\",\"description\":\"Karate champion\",\"potentialAction\":[{\"@type\":\"SearchAction\",\"target\":\"https:\/\/www.jurajtabak.com\/?s={search_term_string}\",\"query-input\":\"required name=search_term_string\"}],\"inLanguage\":\"sk-SK\"},{\"@type\":\"WebPage\",\"@id\":\"https:\/\/www.jurajtabak.com\/sk\/media\/#webpage\",\"url\":\"https:\/\/www.jurajtabak.com\/sk\/media\/\",\"name\":\"M\\u00e9dia - jurajtabak.com\",\"isPartOf\":{\"@id\":\"https:\/\/www.jurajtabak.com\/#website\"},\"datePublished\":\"2021-07-05T16:30:30+00:00\",\"dateModified\":\"2021-07-05T16:30:56+00:00\",\"breadcrumb\":{\"@id\":\"https:\/\/www.jurajtabak.com\/sk\/media\/#breadcrumb\"},\"inLanguage\":\"sk-SK\",\"potentialAction\":[{\"@type\":\"ReadAction\",\"target\":[\"https:\/\/www.jurajtabak.com\/sk\/media\/\"]}]},{\"@type\":\"BreadcrumbList\",\"@id\":\"https:\/\/www.jurajtabak.com\/sk\/media\/#breadcrumb\",\"itemListElement\":[{\"@type\":\"ListItem\",\"position\":1,\"name\":\"Domovsk\\u00e1 str\\u00e1nka\",\"item\":\"https:\/\/www.jurajtabak.com\/sk\/\"},{\"@type\":\"ListItem\",\"position\":2,\"name\":\"M\\u00e9dia\"}]}]}<\/script>\n<!-- \/ Yoast SEO plugin. -->","_links":{"self":[{"href":"https:\/\/www.jurajtabak.com\/sk\/wp-json\/wp\/v2\/pages\/6312"}],"collection":[{"href":"https:\/\/www.jurajtabak.com\/sk\/wp-json\/wp\/v2\/pages"}],"about":[{"href":"https:\/\/www.jurajtabak.com\/sk\/wp-json\/wp\/v2\/types\/page"}],"author":[{"embeddable":true,"href":"https:\/\/www.jurajtabak.com\/sk\/wp-json\/wp\/v2\/users\/1"}],"replies":[{"embeddable":true,"href":"https:\/\/www.jurajtabak.com\/sk\/wp-json\/wp\/v2\/comments?post=6312"}],"version-history":[{"count":4,"href":"https:\/\/www.jurajtabak.com\/sk\/wp-json\/wp\/v2\/pages\/6312\/revisions"}],"predecessor-version":[{"id":6317,"href":"https:\/\/www.jurajtabak.com\/sk\/wp-json\/wp\/v2\/pages\/6312\/revisions\/6317"}],"wp:attachment":[{"href":"https:\/\/www.jurajtabak.com\/sk\/wp-json\/wp\/v2\/media?parent=6312"}],"curies":[{"name":"wp","href":"https:\/\/api.w.org\/{rel}","templated":true}]}}