{"id":6479,"date":"2021-08-04T15:17:26","date_gmt":"2021-08-04T13:17:26","guid":{"rendered":"https:\/\/www.jurajtabak.com\/?post_type=product&#038;p=6479"},"modified":"2021-08-04T15:17:26","modified_gmt":"2021-08-04T13:17:26","slug":"naberajte-svalovu-hmotu-v-posilnovni-trenignovy-plan","status":"publish","type":"product","link":"https:\/\/www.jurajtabak.com\/sk\/produkt\/naberajte-svalovu-hmotu-v-posilnovni-trenignovy-plan\/","title":{"rendered":"Naberajte svalov\u00fa hmotu v posil\u0148ovni &#8211; tr\u00e9nignov\u00fd pl\u00e1n"},"content":{"rendered":"<p>Chcete ma\u0165 <strong>svalnat\u00fa a\u00a0impozantn\u00fa postavu<\/strong>? M\u00e1me pre v\u00e1s rie\u0161enie. Na\u0161\u00edm cie\u013eom je sprev\u00e1dza\u0165 v\u00e1s na ceste za <strong>kvalitnou hmotou<\/strong>. V\u00a0na\u0161om tr\u00e9ningovom pl\u00e1ne n\u00e1jdete podrobne <strong>rozp\u00edsan\u00e9 cviky, po\u010dty s\u00e9ri\u00ed a\u00a0opakovan\u00ed,<\/strong> ktor\u00e9 sa bud\u00fa meni\u0165 t\u00fd\u017ede\u0148 \u010do t\u00fd\u017ede\u0148. Takisto tam n\u00e1jdete obr\u00e1zky cvikov s\u00a0popismi, aby ste ich vykon\u00e1vali spr\u00e1vne. K\u00a0tomuto tr\u00e9ningov\u00e9mu pl\u00e1nu je priam nevyhnutn\u00e9 si <strong>objedna\u0165 aj jed\u00e1lni\u010dek<\/strong>, konkr\u00e9tne naberac\u00ed.<\/p>\n","protected":false},"excerpt":{"rendered":"<p>Chcete ma\u0165 svalnat\u00fa a\u00a0impozantn\u00fa postavu? M\u00e1me pre v\u00e1s rie\u0161enie. Na\u0161\u00edm cie\u013eom je sprev\u00e1dza\u0165 v\u00e1s na ceste za kvalitnou hmotou. V\u00a0na\u0161om [&hellip;]<\/p>\n","protected":false},"featured_media":6476,"comment_status":"closed","ping_status":"closed","template":"","meta":{"_monsterinsights_skip_tracking":false,"_monsterinsights_sitenote_active":false,"_monsterinsights_sitenote_note":"","_monsterinsights_sitenote_category":0},"product_cat":[51],"product_tag":[],"yoast_head":"<!-- This site is optimized with the Yoast SEO plugin v16.5 - https:\/\/yoast.com\/wordpress\/plugins\/seo\/ -->\n<title>Naberajte svalov\u00fa hmotu v posil\u0148ovni - tr\u00e9ningov\u00fd pl\u00e1n | JurajTabak.com<\/title>\n<meta name=\"description\" content=\"Chcete ma\u0165 svalnat\u00fa a\u00a0impozantn\u00fa postavu? M\u00e1me pre v\u00e1s rie\u0161enie. Na\u0161\u00edm cie\u013eom je sprev\u00e1dza\u0165 v\u00e1s na ceste za kvalitnou hmotou. JurajTabak.com\" \/>\n<meta name=\"robots\" content=\"index, follow, max-snippet:-1, max-image-preview:large, max-video-preview:-1\" \/>\n<link rel=\"canonical\" href=\"https:\/\/www.jurajtabak.com\/sk\/produkt\/naberajte-svalovu-hmotu-v-posilnovni-trenignovy-plan\/\" \/>\n<meta property=\"og:locale\" content=\"sk_SK\" \/>\n<meta property=\"og:type\" content=\"article\" \/>\n<meta property=\"og:title\" content=\"Naberajte svalov\u00fa hmotu v posil\u0148ovni - tr\u00e9ningov\u00fd pl\u00e1n | JurajTabak.com\" \/>\n<meta property=\"og:description\" content=\"Chcete ma\u0165 svalnat\u00fa a\u00a0impozantn\u00fa postavu? M\u00e1me pre v\u00e1s rie\u0161enie. Na\u0161\u00edm cie\u013eom je sprev\u00e1dza\u0165 v\u00e1s na ceste za kvalitnou hmotou. JurajTabak.com\" \/>\n<meta property=\"og:url\" content=\"https:\/\/www.jurajtabak.com\/sk\/produkt\/naberajte-svalovu-hmotu-v-posilnovni-trenignovy-plan\/\" \/>\n<meta property=\"og:site_name\" content=\"jurajtabak.com\" \/>\n<meta property=\"og:image\" content=\"https:\/\/www.jurajtabak.com\/wp-content\/uploads\/2021\/08\/11_Fitlinia_NABERAJTE_HMOTU_V_POSILNOVNI_treningovy_plan.jpg\" \/>\n\t<meta property=\"og:image:width\" content=\"2000\" \/>\n\t<meta property=\"og:image:height\" content=\"2000\" \/>\n<meta name=\"twitter:card\" content=\"summary_large_image\" \/>\n<meta name=\"twitter:label1\" content=\"Predpokladan\u00fd \u010das \u010d\u00edtania\" \/>\n\t<meta name=\"twitter:data1\" content=\"1 min\u00fata\" \/>\n<script type=\"application\/ld+json\" class=\"yoast-schema-graph\">{\"@context\":\"https:\/\/schema.org\",\"@graph\":[{\"@type\":\"WebSite\",\"@id\":\"https:\/\/www.jurajtabak.com\/#website\",\"url\":\"https:\/\/www.jurajtabak.com\/\",\"name\":\"jurajtabak.com\",\"description\":\"Karate champion\",\"potentialAction\":[{\"@type\":\"SearchAction\",\"target\":\"https:\/\/www.jurajtabak.com\/?s={search_term_string}\",\"query-input\":\"required name=search_term_string\"}],\"inLanguage\":\"sk-SK\"},{\"@type\":\"ImageObject\",\"@id\":\"https:\/\/www.jurajtabak.com\/sk\/produkt\/naberajte-svalovu-hmotu-v-posilnovni-trenignovy-plan\/#primaryimage\",\"inLanguage\":\"sk-SK\",\"url\":\"https:\/\/www.jurajtabak.com\/wp-content\/uploads\/2021\/08\/11_Fitlinia_NABERAJTE_HMOTU_V_POSILNOVNI_treningovy_plan.jpg\",\"contentUrl\":\"https:\/\/www.jurajtabak.com\/wp-content\/uploads\/2021\/08\/11_Fitlinia_NABERAJTE_HMOTU_V_POSILNOVNI_treningovy_plan.jpg\",\"width\":2000,\"height\":2000,\"caption\":\"naberte svalovu hmotu, treningovy plan na mieru\"},{\"@type\":\"WebPage\",\"@id\":\"https:\/\/www.jurajtabak.com\/sk\/produkt\/naberajte-svalovu-hmotu-v-posilnovni-trenignovy-plan\/#webpage\",\"url\":\"https:\/\/www.jurajtabak.com\/sk\/produkt\/naberajte-svalovu-hmotu-v-posilnovni-trenignovy-plan\/\",\"name\":\"Naberajte svalov\\u00fa hmotu v posil\\u0148ovni - tr\\u00e9ningov\\u00fd pl\\u00e1n | JurajTabak.com\",\"isPartOf\":{\"@id\":\"https:\/\/www.jurajtabak.com\/#website\"},\"primaryImageOfPage\":{\"@id\":\"https:\/\/www.jurajtabak.com\/sk\/produkt\/naberajte-svalovu-hmotu-v-posilnovni-trenignovy-plan\/#primaryimage\"},\"datePublished\":\"2021-08-04T13:17:26+00:00\",\"dateModified\":\"2021-08-04T13:17:26+00:00\",\"description\":\"Chcete ma\\u0165 svalnat\\u00fa a\\u00a0impozantn\\u00fa postavu? M\\u00e1me pre v\\u00e1s rie\\u0161enie. Na\\u0161\\u00edm cie\\u013eom je sprev\\u00e1dza\\u0165 v\\u00e1s na ceste za kvalitnou hmotou. JurajTabak.com\",\"breadcrumb\":{\"@id\":\"https:\/\/www.jurajtabak.com\/sk\/produkt\/naberajte-svalovu-hmotu-v-posilnovni-trenignovy-plan\/#breadcrumb\"},\"inLanguage\":\"sk-SK\",\"potentialAction\":[{\"@type\":\"ReadAction\",\"target\":[\"https:\/\/www.jurajtabak.com\/sk\/produkt\/naberajte-svalovu-hmotu-v-posilnovni-trenignovy-plan\/\"]}]},{\"@type\":\"BreadcrumbList\",\"@id\":\"https:\/\/www.jurajtabak.com\/sk\/produkt\/naberajte-svalovu-hmotu-v-posilnovni-trenignovy-plan\/#breadcrumb\",\"itemListElement\":[{\"@type\":\"ListItem\",\"position\":1,\"name\":\"Domovsk\\u00e1 str\\u00e1nka\",\"item\":\"https:\/\/www.jurajtabak.com\/sk\/\"},{\"@type\":\"ListItem\",\"position\":2,\"name\":\"Shop\",\"item\":\"https:\/\/www.jurajtabak.com\/sk\/shop-2\/\"},{\"@type\":\"ListItem\",\"position\":3,\"name\":\"Naberajte svalov\\u00fa hmotu v posil\\u0148ovni &#8211; tr\\u00e9nignov\\u00fd pl\\u00e1n\"}]}]}<\/script>\n<!-- \/ Yoast SEO plugin. -->","_links":{"self":[{"href":"https:\/\/www.jurajtabak.com\/sk\/wp-json\/wp\/v2\/product\/6479"}],"collection":[{"href":"https:\/\/www.jurajtabak.com\/sk\/wp-json\/wp\/v2\/product"}],"about":[{"href":"https:\/\/www.jurajtabak.com\/sk\/wp-json\/wp\/v2\/types\/product"}],"replies":[{"embeddable":true,"href":"https:\/\/www.jurajtabak.com\/sk\/wp-json\/wp\/v2\/comments?post=6479"}],"version-history":[{"count":1,"href":"https:\/\/www.jurajtabak.com\/sk\/wp-json\/wp\/v2\/product\/6479\/revisions"}],"predecessor-version":[{"id":6480,"href":"https:\/\/www.jurajtabak.com\/sk\/wp-json\/wp\/v2\/product\/6479\/revisions\/6480"}],"wp:featuredmedia":[{"embeddable":true,"href":"https:\/\/www.jurajtabak.com\/sk\/wp-json\/wp\/v2\/media\/6476"}],"wp:attachment":[{"href":"https:\/\/www.jurajtabak.com\/sk\/wp-json\/wp\/v2\/media?parent=6479"}],"wp:term":[{"taxonomy":"product_cat","embeddable":true,"href":"https:\/\/www.jurajtabak.com\/sk\/wp-json\/wp\/v2\/product_cat?post=6479"},{"taxonomy":"product_tag","embeddable":true,"href":"https:\/\/www.jurajtabak.com\/sk\/wp-json\/wp\/v2\/product_tag?post=6479"}],"curies":[{"name":"wp","href":"https:\/\/api.w.org\/{rel}","templated":true}]}}