{"id":6488,"date":"2021-08-08T22:25:23","date_gmt":"2021-08-08T20:25:23","guid":{"rendered":"https:\/\/www.jurajtabak.com\/?post_type=product&#038;p=6488"},"modified":"2021-08-08T22:25:23","modified_gmt":"2021-08-08T20:25:23","slug":"domaci-trening-s-pomockami-treningovy-plan","status":"publish","type":"product","link":"https:\/\/www.jurajtabak.com\/sk\/produkt\/domaci-trening-s-pomockami-treningovy-plan\/","title":{"rendered":"Dom\u00e1ci tr\u00e9ning s pom\u00f4ckami &#8211; tr\u00e9ningov\u00fd pl\u00e1n"},"content":{"rendered":"<p>Ak chcete <strong>investova\u0165 relat\u00edvne mal\u00fa \u010diastku na cvi\u010debn\u00e9 pom\u00f4cky<\/strong> a\u00a0ste ochotn\u00fd dodr\u017eiava\u0165 pl\u00e1n, ste tu spr\u00e1vne. Na na\u0161om trhu je mno\u017estvo \u0161portov\u00fdch pom\u00f4cok, ale v\u00e4\u010d\u0161ina je absol\u00fatne nepotrebn\u00e1. <strong>My v\u00e1m pom\u00f4\u017eeme s\u00a0v\u00fdberom<\/strong> a\u00a0odporu\u010d\u00edme v\u00e1m konkr\u00e9tne pom\u00f4cky a\u00a0cenu, za\u00a0ktor\u00fa sa naozaj oplat\u00ed ich k\u00fapi\u0165. <strong>Tr\u00e9ningov\u00fd pl\u00e1n obsahuje presn\u00fd po\u010det s\u00e9ri\u00ed, opakovan\u00ed a\u00a0v\u00fdber cvikov, ktor\u00e9 s\u00fa vhodn\u00e9 pre v\u00e1\u0161 rozvoj<\/strong>. Takisto tam n\u00e1jdete obr\u00e1zky cvikov a\u00a0ich spr\u00e1vne prevedenie. Ak chcete napredova\u0165 \u010do najr\u00fdchlej\u0161ie, odpor\u00fa\u010dame v\u00e1m vybra\u0165 si jeden z\u00a0na\u0161ich jed\u00e1lni\u010dkov.<\/p>\n","protected":false},"excerpt":{"rendered":"<p>Ak chcete investova\u0165 relat\u00edvne mal\u00fa \u010diastku na cvi\u010debn\u00e9 pom\u00f4cky a\u00a0ste ochotn\u00fd dodr\u017eiava\u0165 pl\u00e1n, ste tu spr\u00e1vne. Na na\u0161om trhu je [&hellip;]<\/p>\n","protected":false},"featured_media":6489,"comment_status":"closed","ping_status":"closed","template":"","meta":{"_monsterinsights_skip_tracking":false,"_monsterinsights_sitenote_active":false,"_monsterinsights_sitenote_note":"","_monsterinsights_sitenote_category":0},"product_cat":[51],"product_tag":[53],"yoast_head":"<!-- This site is optimized with the Yoast SEO plugin v16.5 - https:\/\/yoast.com\/wordpress\/plugins\/seo\/ -->\n<title>Dom\u00e1ci tr\u00e9ning s pom\u00f4ckami - tr\u00e9ningov\u00fd pl\u00e1n na mieru | JurajTabak.com<\/title>\n<meta name=\"description\" content=\"Ak chcete investova\u0165 relat\u00edvne mal\u00fa \u010diastku na cvi\u010debn\u00e9 pom\u00f4cky a\u00a0ste ochotn\u00fd dodr\u017eiava\u0165 pl\u00e1n, ste tu spr\u00e1vne.\" \/>\n<meta name=\"robots\" content=\"index, follow, max-snippet:-1, max-image-preview:large, max-video-preview:-1\" \/>\n<link rel=\"canonical\" href=\"https:\/\/www.jurajtabak.com\/sk\/produkt\/domaci-trening-s-pomockami-treningovy-plan\/\" \/>\n<meta property=\"og:locale\" content=\"sk_SK\" \/>\n<meta property=\"og:type\" content=\"article\" \/>\n<meta property=\"og:title\" content=\"Dom\u00e1ci tr\u00e9ning s pom\u00f4ckami - tr\u00e9ningov\u00fd pl\u00e1n na mieru | JurajTabak.com\" \/>\n<meta property=\"og:description\" content=\"Ak chcete investova\u0165 relat\u00edvne mal\u00fa \u010diastku na cvi\u010debn\u00e9 pom\u00f4cky a\u00a0ste ochotn\u00fd dodr\u017eiava\u0165 pl\u00e1n, ste tu spr\u00e1vne.\" \/>\n<meta property=\"og:url\" content=\"https:\/\/www.jurajtabak.com\/sk\/produkt\/domaci-trening-s-pomockami-treningovy-plan\/\" \/>\n<meta property=\"og:site_name\" content=\"jurajtabak.com\" \/>\n<meta property=\"og:image\" content=\"https:\/\/www.jurajtabak.com\/wp-content\/uploads\/2021\/08\/13_Fitlinia_DOMACI_TRENING_S_POMOCKAMI_treningovy_plan.jpg\" \/>\n\t<meta property=\"og:image:width\" content=\"2000\" \/>\n\t<meta property=\"og:image:height\" content=\"2000\" \/>\n<meta name=\"twitter:card\" content=\"summary_large_image\" \/>\n<meta name=\"twitter:label1\" content=\"Predpokladan\u00fd \u010das \u010d\u00edtania\" \/>\n\t<meta name=\"twitter:data1\" content=\"1 min\u00fata\" \/>\n<script type=\"application\/ld+json\" class=\"yoast-schema-graph\">{\"@context\":\"https:\/\/schema.org\",\"@graph\":[{\"@type\":\"WebSite\",\"@id\":\"https:\/\/www.jurajtabak.com\/#website\",\"url\":\"https:\/\/www.jurajtabak.com\/\",\"name\":\"jurajtabak.com\",\"description\":\"Karate champion\",\"potentialAction\":[{\"@type\":\"SearchAction\",\"target\":\"https:\/\/www.jurajtabak.com\/?s={search_term_string}\",\"query-input\":\"required name=search_term_string\"}],\"inLanguage\":\"sk-SK\"},{\"@type\":\"ImageObject\",\"@id\":\"https:\/\/www.jurajtabak.com\/sk\/produkt\/domaci-trening-s-pomockami-treningovy-plan\/#primaryimage\",\"inLanguage\":\"sk-SK\",\"url\":\"https:\/\/www.jurajtabak.com\/wp-content\/uploads\/2021\/08\/13_Fitlinia_DOMACI_TRENING_S_POMOCKAMI_treningovy_plan.jpg\",\"contentUrl\":\"https:\/\/www.jurajtabak.com\/wp-content\/uploads\/2021\/08\/13_Fitlinia_DOMACI_TRENING_S_POMOCKAMI_treningovy_plan.jpg\",\"width\":2000,\"height\":2000,\"caption\":\"domaci trening s pomockami, treningovy plan na mieru\"},{\"@type\":\"WebPage\",\"@id\":\"https:\/\/www.jurajtabak.com\/sk\/produkt\/domaci-trening-s-pomockami-treningovy-plan\/#webpage\",\"url\":\"https:\/\/www.jurajtabak.com\/sk\/produkt\/domaci-trening-s-pomockami-treningovy-plan\/\",\"name\":\"Dom\\u00e1ci tr\\u00e9ning s pom\\u00f4ckami - tr\\u00e9ningov\\u00fd pl\\u00e1n na mieru | JurajTabak.com\",\"isPartOf\":{\"@id\":\"https:\/\/www.jurajtabak.com\/#website\"},\"primaryImageOfPage\":{\"@id\":\"https:\/\/www.jurajtabak.com\/sk\/produkt\/domaci-trening-s-pomockami-treningovy-plan\/#primaryimage\"},\"datePublished\":\"2021-08-08T20:25:23+00:00\",\"dateModified\":\"2021-08-08T20:25:23+00:00\",\"description\":\"Ak chcete investova\\u0165 relat\\u00edvne mal\\u00fa \\u010diastku na cvi\\u010debn\\u00e9 pom\\u00f4cky a\\u00a0ste ochotn\\u00fd dodr\\u017eiava\\u0165 pl\\u00e1n, ste tu spr\\u00e1vne.\",\"breadcrumb\":{\"@id\":\"https:\/\/www.jurajtabak.com\/sk\/produkt\/domaci-trening-s-pomockami-treningovy-plan\/#breadcrumb\"},\"inLanguage\":\"sk-SK\",\"potentialAction\":[{\"@type\":\"ReadAction\",\"target\":[\"https:\/\/www.jurajtabak.com\/sk\/produkt\/domaci-trening-s-pomockami-treningovy-plan\/\"]}]},{\"@type\":\"BreadcrumbList\",\"@id\":\"https:\/\/www.jurajtabak.com\/sk\/produkt\/domaci-trening-s-pomockami-treningovy-plan\/#breadcrumb\",\"itemListElement\":[{\"@type\":\"ListItem\",\"position\":1,\"name\":\"Domovsk\\u00e1 str\\u00e1nka\",\"item\":\"https:\/\/www.jurajtabak.com\/sk\/\"},{\"@type\":\"ListItem\",\"position\":2,\"name\":\"Shop\",\"item\":\"https:\/\/www.jurajtabak.com\/sk\/shop-2\/\"},{\"@type\":\"ListItem\",\"position\":3,\"name\":\"Dom\\u00e1ci tr\\u00e9ning s pom\\u00f4ckami &#8211; tr\\u00e9ningov\\u00fd pl\\u00e1n\"}]}]}<\/script>\n<!-- \/ Yoast SEO plugin. -->","_links":{"self":[{"href":"https:\/\/www.jurajtabak.com\/sk\/wp-json\/wp\/v2\/product\/6488"}],"collection":[{"href":"https:\/\/www.jurajtabak.com\/sk\/wp-json\/wp\/v2\/product"}],"about":[{"href":"https:\/\/www.jurajtabak.com\/sk\/wp-json\/wp\/v2\/types\/product"}],"replies":[{"embeddable":true,"href":"https:\/\/www.jurajtabak.com\/sk\/wp-json\/wp\/v2\/comments?post=6488"}],"version-history":[{"count":1,"href":"https:\/\/www.jurajtabak.com\/sk\/wp-json\/wp\/v2\/product\/6488\/revisions"}],"predecessor-version":[{"id":6493,"href":"https:\/\/www.jurajtabak.com\/sk\/wp-json\/wp\/v2\/product\/6488\/revisions\/6493"}],"wp:featuredmedia":[{"embeddable":true,"href":"https:\/\/www.jurajtabak.com\/sk\/wp-json\/wp\/v2\/media\/6489"}],"wp:attachment":[{"href":"https:\/\/www.jurajtabak.com\/sk\/wp-json\/wp\/v2\/media?parent=6488"}],"wp:term":[{"taxonomy":"product_cat","embeddable":true,"href":"https:\/\/www.jurajtabak.com\/sk\/wp-json\/wp\/v2\/product_cat?post=6488"},{"taxonomy":"product_tag","embeddable":true,"href":"https:\/\/www.jurajtabak.com\/sk\/wp-json\/wp\/v2\/product_tag?post=6488"}],"curies":[{"name":"wp","href":"https:\/\/api.w.org\/{rel}","templated":true}]}}